{"id":6930,"date":"2019-02-11T17:24:26","date_gmt":"2019-02-11T16:24:26","guid":{"rendered":"https:\/\/www.teehaus-janssen.de\/product\/2053-bio-rauchtee-russische-art\/"},"modified":"2026-05-08T09:27:29","modified_gmt":"2026-05-08T07:27:29","slug":"2053-bio-rauchtee-russische-art","status":"publish","type":"product","link":"https:\/\/www.teehaus-janssen.de\/shop\/produkt\/2053-bio-rauchtee-russische-art\/","title":{"rendered":"2053 &#8211; BIO RAUCHTEE RUSSISCHER ART"},"content":{"rendered":"<p style=\"font-size: 11px;font-family: 'Lucida Sans Unicode', 'Lucida Sans', Verdana, Helvetica\"><span style=\"font-size: 11px;font-family: arial, verdana, helvetica\"><span style=\"font-size: 14px\"><strong style=\"font-size: 14px\">Herkunft:\u00a0<\/strong>China-Formosa Blend.<\/span><\/span><\/p>\n<p style=\"font-size: 11px;font-family: 'Lucida Sans Unicode', 'Lucida Sans', Verdana, Helvetica\"><span style=\"font-size: 11px;font-family: arial, verdana, helvetica\"><span style=\"font-size: 14px\"><strong style=\"font-size: 14px\">Erl\u00e4uterung: <\/strong>gem\u00e4\u00df russischem Brauch auf Holzkohle ger\u00e4uchert. Nach Sylter Witth\u00fcs-Tradition ist Rauchtee mit Rumkirschen mild ges\u00fc\u00dft zu trinken.<\/span><\/span><\/p>\n<p style=\"font-size: 11px;font-family: 'Lucida Sans Unicode', 'Lucida Sans', Verdana, Helvetica\"><span style=\"font-size: 11px;font-family: arial, verdana, helvetica\"><span style=\"font-size: 14px\"><strong style=\"font-size: 14px\">Kr\u00e4ftig w\u00fcrzig-rauchig, dunkel, belebend.<\/strong><\/span><\/span><\/p>\n<p class=\"line-height-75 cke-line-height\" style=\"font-size: 11px;font-family: 'Lucida Sans Unicode', 'Lucida Sans', Verdana, Helvetica\"><img decoding=\"async\" class=\"alignnone size-large wp-image-34478\" src=\"https:\/\/www.teehaus-janssen.de\/shop\/wp-content\/uploads\/2025\/02\/Nicht-EU.png\" alt=\"\" \/><\/p>\n","protected":false},"excerpt":{"rendered":"<p><strong>Herkunft:\u00a0<\/strong>China-Formosa Blend.<\/p>\n<p><strong>Erl\u00e4uterung: <\/strong>gem\u00e4\u00df russischem Brauch auf Holzkohle ger\u00e4uchert. Nach Sylter Witth\u00fcs-Tradition ist Rauchtee mit Rumkirschen mild ges\u00fc\u00dft zu trinken.<\/p>\n<p><strong>Kr\u00e4ftig w\u00fcrzig-rauchig, dunkel, belebend.<\/strong><\/p>\n<p class=\"line-height-75 cke-line-height\"><img decoding=\"async\" class=\"alignnone size-large wp-image-34478\" src=\"https:\/\/www.teehaus-janssen.de\/shop\/wp-content\/uploads\/2019\/02\/Nicht-EU-700x700.png\" alt=\"\" \/><\/p>\n","protected":false},"featured_media":6931,"template":"","meta":{"_acf_changed":false},"product_brand":[],"product_cat":[299],"product_tag":[],"class_list":{"0":"post-6930","1":"product","2":"type-product","3":"status-publish","4":"has-post-thumbnail","6":"product_cat-2001-2055-schwarzer-tee-fermentiert","7":"pa_menge-50-g","8":"pa_menge-100-g","9":"pa_menge-125-g","10":"pa_menge-250-g","11":"pa_menge-500-g","12":"pa_menge-1-kg","14":"first","15":"instock","16":"taxable","17":"shipping-taxable","18":"purchasable","19":"product-type-variable"},"acf":[],"_links":{"self":[{"href":"https:\/\/www.teehaus-janssen.de\/shop\/wp-json\/wp\/v2\/product\/6930","targetHints":{"allow":["GET"]}}],"collection":[{"href":"https:\/\/www.teehaus-janssen.de\/shop\/wp-json\/wp\/v2\/product"}],"about":[{"href":"https:\/\/www.teehaus-janssen.de\/shop\/wp-json\/wp\/v2\/types\/product"}],"wp:featuredmedia":[{"embeddable":true,"href":"https:\/\/www.teehaus-janssen.de\/shop\/wp-json\/wp\/v2\/media\/6931"}],"wp:attachment":[{"href":"https:\/\/www.teehaus-janssen.de\/shop\/wp-json\/wp\/v2\/media?parent=6930"}],"wp:term":[{"taxonomy":"product_brand","embeddable":true,"href":"https:\/\/www.teehaus-janssen.de\/shop\/wp-json\/wp\/v2\/product_brand?post=6930"},{"taxonomy":"product_cat","embeddable":true,"href":"https:\/\/www.teehaus-janssen.de\/shop\/wp-json\/wp\/v2\/product_cat?post=6930"},{"taxonomy":"product_tag","embeddable":true,"href":"https:\/\/www.teehaus-janssen.de\/shop\/wp-json\/wp\/v2\/product_tag?post=6930"}],"curies":[{"name":"wp","href":"https:\/\/api.w.org\/{rel}","templated":true}]}}