{"id":6874,"date":"2019-02-11T17:24:24","date_gmt":"2019-02-11T16:24:24","guid":{"rendered":"https:\/\/www.teehaus-janssen.de\/product\/2034-bio-darjeeling-aktionstee\/"},"modified":"2025-09-30T09:29:03","modified_gmt":"2025-09-30T07:29:03","slug":"2034-bio-darjeeling-aktionstee","status":"publish","type":"product","link":"https:\/\/www.teehaus-janssen.de\/shop\/produkt\/2034-bio-darjeeling-aktionstee\/","title":{"rendered":"2034 &#8211; BIO DARJEELING &#8211; AKTIONSTEE"},"content":{"rendered":"<p><strong><span style=\"font-family: arial,verdana,helvetica\"><span style=\"font-size: 14px\">Herkunft:\u00a0<\/span><\/span><\/strong><span style=\"font-family: arial,verdana,helvetica\"><span style=\"font-size: 14px\">Indien-Darjeeling, mediumgrown, first Flush.<\/span><\/span><\/p>\n<p><span style=\"font-family: arial,verdana,helvetica\"><span style=\"font-size: 14px\"><strong>Erl\u00e4uterung:\u00a0<\/strong>Jahrgangsmischung ausgew\u00e4hlter Fr\u00fchlingspfl\u00fcckungen namhafter Bio-Teeg\u00e4rten der Region Darjeeling. Ein preiswerter Alltagstee f\u00fcr Vielteetrinker.<\/span><\/span><\/p>\n<p><span style=\"font-family: arial,verdana,helvetica\"><span style=\"font-size: 14px\"><strong>Mild, dunkelgolden aufgie\u00dfend, belebend.<\/strong><\/span><\/span><\/p>\n<p class=\"line-height-75 cke-line-height\"><img decoding=\"async\" class=\"alignnone size-large wp-image-34478\" src=\"https:\/\/www.teehaus-janssen.de\/shop\/wp-content\/uploads\/2025\/02\/Nicht-EU.png\" alt=\"\" \/><\/p>\n","protected":false},"excerpt":{"rendered":"<p><strong>Herkunft:\u00a0<\/strong>Indien-Darjeeling, mediumgrown, first Flush.<\/p>\n<p><strong>Erl\u00e4uterung:\u00a0<\/strong>Jahrgangsmischung ausgew\u00e4hlter Fr\u00fchlingspfl\u00fcckungen namhafter Bio-Teeg\u00e4rten der Region Darjeeling. Ein preiswerter Alltagstee f\u00fcr Vielteetrinker.<\/p>\n<p><strong>Mild, dunkelgolden aufgie\u00dfend, belebend.<\/strong><\/p>\n<p class=\"line-height-75 cke-line-height\"><img decoding=\"async\" class=\"alignnone size-large wp-image-34478\" src=\"https:\/\/www.teehaus-janssen.de\/shop\/wp-content\/uploads\/2019\/02\/Nicht-EU-700x700.png\" alt=\"\" \/><\/p>\n","protected":false},"featured_media":6875,"template":"","meta":{"_acf_changed":false},"product_brand":[300],"product_cat":[299],"product_tag":[],"class_list":{"0":"post-6874","1":"product","2":"type-product","3":"status-publish","4":"has-post-thumbnail","6":"product_brand-flugteenl","7":"product_cat-2001-2055-schwarzer-tee-fermentiert","8":"pa_menge-50-g","9":"pa_menge-100-g","10":"pa_menge-125-g","11":"pa_menge-250-g","12":"pa_menge-500-g","13":"pa_menge-1-kg","15":"first","16":"instock","17":"taxable","18":"shipping-taxable","19":"purchasable","20":"product-type-variable","21":"has-default-attributes"},"acf":[],"_links":{"self":[{"href":"https:\/\/www.teehaus-janssen.de\/shop\/wp-json\/wp\/v2\/product\/6874","targetHints":{"allow":["GET"]}}],"collection":[{"href":"https:\/\/www.teehaus-janssen.de\/shop\/wp-json\/wp\/v2\/product"}],"about":[{"href":"https:\/\/www.teehaus-janssen.de\/shop\/wp-json\/wp\/v2\/types\/product"}],"wp:featuredmedia":[{"embeddable":true,"href":"https:\/\/www.teehaus-janssen.de\/shop\/wp-json\/wp\/v2\/media\/6875"}],"wp:attachment":[{"href":"https:\/\/www.teehaus-janssen.de\/shop\/wp-json\/wp\/v2\/media?parent=6874"}],"wp:term":[{"taxonomy":"product_brand","embeddable":true,"href":"https:\/\/www.teehaus-janssen.de\/shop\/wp-json\/wp\/v2\/product_brand?post=6874"},{"taxonomy":"product_cat","embeddable":true,"href":"https:\/\/www.teehaus-janssen.de\/shop\/wp-json\/wp\/v2\/product_cat?post=6874"},{"taxonomy":"product_tag","embeddable":true,"href":"https:\/\/www.teehaus-janssen.de\/shop\/wp-json\/wp\/v2\/product_tag?post=6874"}],"curies":[{"name":"wp","href":"https:\/\/api.w.org\/{rel}","templated":true}]}}