{"id":6866,"date":"2019-02-11T17:24:23","date_gmt":"2019-02-11T16:24:23","guid":{"rendered":"https:\/\/www.teehaus-janssen.de\/product\/2033-bio-darjeeling-badamtam-first-flush\/"},"modified":"2025-09-30T09:29:03","modified_gmt":"2025-09-30T07:29:03","slug":"2033-bio-darjeeling-badamtam-first-flush","status":"publish","type":"product","link":"https:\/\/www.teehaus-janssen.de\/shop\/produkt\/2033-bio-darjeeling-badamtam-first-flush\/","title":{"rendered":"2033 &#8211; BIO DARJEELING BADAMTAM FIRST FLUSH"},"content":{"rendered":"<p><span style=\"font-family: arial,verdana,helvetica\"><span style=\"font-size: 14px\"><strong>Herkunft:\u00a0<\/strong>Indien-Darjeeling, FTGFOP1, highgrown, first Flush.<\/span><\/span><\/p>\n<p><span style=\"font-family: arial,verdana,helvetica\"><span style=\"font-size: 14px\"><strong>Erl\u00e4uterung: <\/strong>Dieser Teegarten z\u00e4hlt zu den Top Ten der Hochgebirgsg\u00e4rten. Die vorliegende Pfl\u00fcckung \u00fcbersteigt qualitativ bei weitem alle Offerten, die uns von Badamtam bislang zur Verkostung vorlagen.<\/span><\/span><\/p>\n<p><span style=\"font-family: arial,verdana,helvetica\"><span style=\"font-size: 14px\"><strong>Blumig leicht, aromatisch, golden, belebend.<\/strong><\/span><\/span><\/p>\n<p class=\"line-height-75 cke-line-height\"><img decoding=\"async\" class=\"alignnone size-large wp-image-34478\" src=\"https:\/\/www.teehaus-janssen.de\/shop\/wp-content\/uploads\/2025\/02\/Nicht-EU.png\" alt=\"\" \/><\/p>\n","protected":false},"excerpt":{"rendered":"<p><strong>Herkunft:\u00a0<\/strong>Indien-Darjeeling, FTGFOP1, highgrown, first Flush.<\/p>\n<p><strong>Erl\u00e4uterung: <\/strong>Dieser Teegarten z\u00e4hlt zu den Top Ten der Hochgebirgsg\u00e4rten. Die vorliegende Pfl\u00fcckung \u00fcbersteigt qualitativ bei weitem alle Offerten, die uns von Badamtam bislang zur Verkostung vorlagen.<\/p>\n<p><strong>Blumig leicht, aromatisch, golden, belebend.<\/strong><\/p>\n<p class=\"line-height-75 cke-line-height\"><img decoding=\"async\" class=\"alignnone size-large wp-image-34478\" src=\"https:\/\/www.teehaus-janssen.de\/shop\/wp-content\/uploads\/2019\/02\/Nicht-EU-700x700.png\" alt=\"\" \/><\/p>\n","protected":false},"featured_media":6867,"template":"","meta":{"_acf_changed":false},"product_brand":[],"product_cat":[299],"product_tag":[],"class_list":{"0":"post-6866","1":"product","2":"type-product","3":"status-publish","4":"has-post-thumbnail","6":"product_cat-2001-2055-schwarzer-tee-fermentiert","7":"pa_menge-50-g","8":"pa_menge-100-g","9":"pa_menge-125-g","10":"pa_menge-250-g","11":"pa_menge-500-g","12":"pa_menge-1-kg","14":"first","15":"instock","16":"taxable","17":"shipping-taxable","18":"purchasable","19":"product-type-variable","20":"has-default-attributes"},"acf":[],"_links":{"self":[{"href":"https:\/\/www.teehaus-janssen.de\/shop\/wp-json\/wp\/v2\/product\/6866","targetHints":{"allow":["GET"]}}],"collection":[{"href":"https:\/\/www.teehaus-janssen.de\/shop\/wp-json\/wp\/v2\/product"}],"about":[{"href":"https:\/\/www.teehaus-janssen.de\/shop\/wp-json\/wp\/v2\/types\/product"}],"wp:featuredmedia":[{"embeddable":true,"href":"https:\/\/www.teehaus-janssen.de\/shop\/wp-json\/wp\/v2\/media\/6867"}],"wp:attachment":[{"href":"https:\/\/www.teehaus-janssen.de\/shop\/wp-json\/wp\/v2\/media?parent=6866"}],"wp:term":[{"taxonomy":"product_brand","embeddable":true,"href":"https:\/\/www.teehaus-janssen.de\/shop\/wp-json\/wp\/v2\/product_brand?post=6866"},{"taxonomy":"product_cat","embeddable":true,"href":"https:\/\/www.teehaus-janssen.de\/shop\/wp-json\/wp\/v2\/product_cat?post=6866"},{"taxonomy":"product_tag","embeddable":true,"href":"https:\/\/www.teehaus-janssen.de\/shop\/wp-json\/wp\/v2\/product_tag?post=6866"}],"curies":[{"name":"wp","href":"https:\/\/api.w.org\/{rel}","templated":true}]}}