{"id":6857,"date":"2019-02-11T17:24:23","date_gmt":"2019-02-11T16:24:23","guid":{"rendered":"https:\/\/www.teehaus-janssen.de\/product\/2031-bio-darjeeling-turzum-fstgfop1-first-flush-flugtee\/"},"modified":"2025-09-30T09:27:40","modified_gmt":"2025-09-30T07:27:40","slug":"2031-bio-darjeeling-turzum-fstgfop1-first-flush-flugtee","status":"publish","type":"product","link":"https:\/\/www.teehaus-janssen.de\/shop\/produkt\/2031-bio-darjeeling-turzum-fstgfop1-first-flush-flugtee\/","title":{"rendered":"2031 &#8211; BIO DARJEELING TURZUM FSTGFOP1 FIRST FLUSH &#8211; (FLUGTEE)"},"content":{"rendered":"<p><strong><span style=\"font-family: arial,verdana,helvetica\"><span style=\"font-size: 14px\">Aktueller Flugtee\u200b<\/span><\/span><\/strong><\/p>\n<p><strong><span style=\"font-family: arial,verdana,helvetica\"><span style=\"font-size: 14px\">Herkunft: <\/span><\/span><\/strong><span style=\"font-family: arial,verdana,helvetica\"><span style=\"font-size: 14px\">Indien-Darjeeling, FTGFOP1, first Spring.<\/span><\/span><\/p>\n<p><span style=\"font-family: arial,verdana,helvetica\"><span style=\"font-size: 14px\"><strong>Erl\u00e4uterung: <\/strong>\u200bvon Hand gezupfte, feine Fr\u00fchlingstips, nach verk\u00fcrztem Welkprozess nur leicht anfermentiert. Ein Top-Tee f\u00fcr Teegenie\u00dfer. \u00c4u\u00dferst begrenzte Erntemenge.<\/span><\/span><\/p>\n<p><span style=\"font-family: arial,verdana,helvetica\"><span style=\"font-size: 14px\"><strong>\u200bBlumig duftige Champagnernote, belebend mit hellgoldener Tasse.<\/strong><\/span><\/span><\/p>\n<p class=\"line-height-75 cke-line-height\"><img decoding=\"async\" class=\"alignnone size-large wp-image-34478\" src=\"https:\/\/www.teehaus-janssen.de\/shop\/wp-content\/uploads\/2025\/02\/Nicht-EU.png\" alt=\"\" \/><\/p>\n","protected":false},"excerpt":{"rendered":"<p><strong>Herkunft: <\/strong>Indien-Darjeeling, FTGFOP1, first Spring.<\/p>\n<p><strong>Erl\u00e4uterung: <\/strong>\u200bvon Hand gezupfte, feine Fr\u00fchlingstips, nach verk\u00fcrztem Welkprozess nur leicht anfermentiert. Ein Top-Tee f\u00fcr Teegenie\u00dfer. \u00c4u\u00dferst begrenzte Erntemenge.<\/p>\n<p><strong>\u200bBlumig duftige Champagnernote, belebend mit hellgoldener Tasse.<\/strong><\/p>\n<p>&nbsp;<\/p>\n<p><strong>Klimabedingt keine neue Ernte verf\u00fcgbar. <\/strong><\/p>\n<p><strong>Wir empfehlen als gleichwertige Alternative die Art.Nr. 2029 BIO PHUGURI FLUGTEE, ERNTE 2024<\/strong><\/p>\n<p>&nbsp;<\/p>\n<p class=\"line-height-75 cke-line-height\"><img decoding=\"async\" class=\"alignnone size-large wp-image-34478\" src=\"https:\/\/www.teehaus-janssen.de\/shop\/wp-content\/uploads\/2019\/02\/Nicht-EU-700x700.png\" alt=\"\" \/><\/p>\n","protected":false},"featured_media":6858,"template":"","meta":{"_acf_changed":false},"product_brand":[300],"product_cat":[299],"product_tag":[],"class_list":{"0":"post-6857","1":"product","2":"type-product","3":"status-publish","4":"has-post-thumbnail","6":"product_brand-flugteenl","7":"product_cat-2001-2055-schwarzer-tee-fermentiert","8":"pa_menge-50-g","9":"pa_menge-100-g","10":"pa_menge-125-g","11":"pa_menge-250-g","12":"pa_menge-500-g","13":"pa_menge-1-kg","15":"first","16":"outofstock","17":"taxable","18":"shipping-taxable","19":"product-type-variable"},"acf":[],"_links":{"self":[{"href":"https:\/\/www.teehaus-janssen.de\/shop\/wp-json\/wp\/v2\/product\/6857","targetHints":{"allow":["GET"]}}],"collection":[{"href":"https:\/\/www.teehaus-janssen.de\/shop\/wp-json\/wp\/v2\/product"}],"about":[{"href":"https:\/\/www.teehaus-janssen.de\/shop\/wp-json\/wp\/v2\/types\/product"}],"wp:featuredmedia":[{"embeddable":true,"href":"https:\/\/www.teehaus-janssen.de\/shop\/wp-json\/wp\/v2\/media\/6858"}],"wp:attachment":[{"href":"https:\/\/www.teehaus-janssen.de\/shop\/wp-json\/wp\/v2\/media?parent=6857"}],"wp:term":[{"taxonomy":"product_brand","embeddable":true,"href":"https:\/\/www.teehaus-janssen.de\/shop\/wp-json\/wp\/v2\/product_brand?post=6857"},{"taxonomy":"product_cat","embeddable":true,"href":"https:\/\/www.teehaus-janssen.de\/shop\/wp-json\/wp\/v2\/product_cat?post=6857"},{"taxonomy":"product_tag","embeddable":true,"href":"https:\/\/www.teehaus-janssen.de\/shop\/wp-json\/wp\/v2\/product_tag?post=6857"}],"curies":[{"name":"wp","href":"https:\/\/api.w.org\/{rel}","templated":true}]}}