{"id":6754,"date":"2019-02-11T17:24:20","date_gmt":"2019-02-11T16:24:20","guid":{"rendered":"https:\/\/www.teehaus-janssen.de\/product\/2013-ceylon-dimbula-pettiagalla-op1\/"},"modified":"2025-09-30T09:24:15","modified_gmt":"2025-09-30T07:24:15","slug":"2013-ceylon-dimbula-pettiagalla-op1","status":"publish","type":"product","link":"https:\/\/www.teehaus-janssen.de\/shop\/produkt\/2013-ceylon-dimbula-pettiagalla-op1\/","title":{"rendered":"2013 &#8211; CEYLON DIMBULA PETTIAGALLA OP1"},"content":{"rendered":"<p><span style=\"font-family: arial,verdana,helvetica\"><span style=\"font-size: 14px\"><strong>Herkunft: <\/strong>\u200bSri Lanka-Dimbula, mediumgrown.<\/span><\/span><\/p>\n<p><span style=\"font-family: arial,verdana,helvetica\"><span style=\"font-size: 14px\"><strong>Erl\u00e4uterung:<\/strong>\u200b sch\u00f6nes, langdrahtiges Blatt. Qualit\u00e4tsgebend f\u00fcr friesische Blends. R\u00fcckstandsgepr\u00fcft.<\/span><\/span><\/p>\n<p><span style=\"font-family: arial,verdana,helvetica\"><span style=\"font-size: 14px\"><strong>\u200bIntensiv, saftig, kr\u00e4ftig, goldbraun, belebend.<\/strong><\/span><\/span><\/p>\n","protected":false},"excerpt":{"rendered":"<p><strong>Herkunft: <\/strong>\u200bSri Lanka-Dimbula, mediumgrown.<\/p>\n<p><strong>Erl\u00e4uterung:<\/strong>\u200b sch\u00f6nes, langdrahtiges Blatt. Qualit\u00e4tsgebend f\u00fcr friesische Blends. R\u00fcckstandsgepr\u00fcft.<\/p>\n<p><strong>\u200bIntensiv, saftig, kr\u00e4ftig, goldbraun, belebend.<\/strong><\/p>\n","protected":false},"featured_media":6755,"template":"","meta":{"_acf_changed":false},"product_brand":[],"product_cat":[299],"product_tag":[],"class_list":{"0":"post-6754","1":"product","2":"type-product","3":"status-publish","4":"has-post-thumbnail","6":"product_cat-2001-2055-schwarzer-tee-fermentiert","7":"pa_menge-50-g","8":"pa_menge-100-g","9":"pa_menge-125-g","10":"pa_menge-250-g","11":"pa_menge-500-g","12":"pa_menge-1-kg","14":"first","15":"instock","16":"taxable","17":"shipping-taxable","18":"purchasable","19":"product-type-variable","20":"has-default-attributes"},"acf":[],"_links":{"self":[{"href":"https:\/\/www.teehaus-janssen.de\/shop\/wp-json\/wp\/v2\/product\/6754","targetHints":{"allow":["GET"]}}],"collection":[{"href":"https:\/\/www.teehaus-janssen.de\/shop\/wp-json\/wp\/v2\/product"}],"about":[{"href":"https:\/\/www.teehaus-janssen.de\/shop\/wp-json\/wp\/v2\/types\/product"}],"wp:featuredmedia":[{"embeddable":true,"href":"https:\/\/www.teehaus-janssen.de\/shop\/wp-json\/wp\/v2\/media\/6755"}],"wp:attachment":[{"href":"https:\/\/www.teehaus-janssen.de\/shop\/wp-json\/wp\/v2\/media?parent=6754"}],"wp:term":[{"taxonomy":"product_brand","embeddable":true,"href":"https:\/\/www.teehaus-janssen.de\/shop\/wp-json\/wp\/v2\/product_brand?post=6754"},{"taxonomy":"product_cat","embeddable":true,"href":"https:\/\/www.teehaus-janssen.de\/shop\/wp-json\/wp\/v2\/product_cat?post=6754"},{"taxonomy":"product_tag","embeddable":true,"href":"https:\/\/www.teehaus-janssen.de\/shop\/wp-json\/wp\/v2\/product_tag?post=6754"}],"curies":[{"name":"wp","href":"https:\/\/api.w.org\/{rel}","templated":true}]}}