{"id":6656,"date":"2019-02-11T17:24:17","date_gmt":"2019-02-11T16:24:17","guid":{"rendered":"https:\/\/www.teehaus-janssen.de\/product\/1002-formosa-dung-ti-oolong\/"},"modified":"2025-09-30T09:21:41","modified_gmt":"2025-09-30T07:21:41","slug":"1002-formosa-dung-ti-oolong","status":"publish","type":"product","link":"https:\/\/www.teehaus-janssen.de\/shop\/produkt\/1002-formosa-dung-ti-oolong\/","title":{"rendered":"1002 &#8211; FORMOSA &#8211; DUNG TI OOLONG"},"content":{"rendered":"<p style=\"line-height: 15px\"><span style=\"font-size: 14px\"><b>Herkunft: <\/b>Taiwan, Dung Ti-Berge<\/span><\/p>\n<p style=\"line-height: 15px\"><span style=\"font-family: arial,verdana,helvetica\"><span style=\"font-size: 14px\"><strong>Erl\u00e4uterung: <\/strong>\u200bBergh\u00e4nge im Nebeltau des Nantu-Districts. Handgepfl\u00fcckt, mit Cymbidiumbl\u00fcten im Welkprozess beduftet, kugelgerollt. R\u00fcckstands\u00fcberpr\u00fcft.<\/span><\/span><\/p>\n<p style=\"line-height: 15px\"><span style=\"font-family: arial,verdana,helvetica\"><span style=\"font-size: 14px\"><strong>\u200bBlumig, orchid-duftig, belebend.<\/strong><\/span><\/span><\/p>\n<p style=\"line-height: 15px\">\n","protected":false},"excerpt":{"rendered":"<p><b>Herkunft: <\/b>Taiwan, Dung Ti-Berge<\/p>\n<p><strong>Erl\u00e4uterung: <\/strong>\u200bBergh\u00e4nge im Nebeltau des Nantu-Distriktes. Handgepfl\u00fcckt, mit Cymbidiumbl\u00fcten im Welkprozess beduftet, kugelgerollt. R\u00fcckstands\u00fcberpr\u00fcft.<\/p>\n<p><strong>\u200bBlumig, orchid-duftig, belebend.<\/strong><\/p>\n","protected":false},"featured_media":6657,"template":"","meta":{"_acf_changed":false},"product_brand":[],"product_cat":[282],"product_tag":[289,286,287,288,283],"class_list":{"0":"post-6656","1":"product","2":"type-product","3":"status-publish","4":"has-post-thumbnail","6":"product_cat-1001-1020-oolongtee-u-gaba-tee-halbfermentiert","7":"product_tag-dung-ti","8":"product_tag-halbfermentiert","9":"product_tag-halbfermentierter-tee","10":"product_tag-oolong","11":"product_tag-oolongtee","12":"pa_menge-50-g","13":"pa_menge-100-g","14":"pa_menge-125-g","15":"pa_menge-250-g","16":"pa_menge-500-g","17":"pa_menge-1-kg","19":"first","20":"instock","21":"taxable","22":"shipping-taxable","23":"purchasable","24":"product-type-variable","25":"has-default-attributes"},"acf":[],"_links":{"self":[{"href":"https:\/\/www.teehaus-janssen.de\/shop\/wp-json\/wp\/v2\/product\/6656","targetHints":{"allow":["GET"]}}],"collection":[{"href":"https:\/\/www.teehaus-janssen.de\/shop\/wp-json\/wp\/v2\/product"}],"about":[{"href":"https:\/\/www.teehaus-janssen.de\/shop\/wp-json\/wp\/v2\/types\/product"}],"wp:featuredmedia":[{"embeddable":true,"href":"https:\/\/www.teehaus-janssen.de\/shop\/wp-json\/wp\/v2\/media\/6657"}],"wp:attachment":[{"href":"https:\/\/www.teehaus-janssen.de\/shop\/wp-json\/wp\/v2\/media?parent=6656"}],"wp:term":[{"taxonomy":"product_brand","embeddable":true,"href":"https:\/\/www.teehaus-janssen.de\/shop\/wp-json\/wp\/v2\/product_brand?post=6656"},{"taxonomy":"product_cat","embeddable":true,"href":"https:\/\/www.teehaus-janssen.de\/shop\/wp-json\/wp\/v2\/product_cat?post=6656"},{"taxonomy":"product_tag","embeddable":true,"href":"https:\/\/www.teehaus-janssen.de\/shop\/wp-json\/wp\/v2\/product_tag?post=6656"}],"curies":[{"name":"wp","href":"https:\/\/api.w.org\/{rel}","templated":true}]}}