{"id":6576,"date":"2019-02-11T17:24:14","date_gmt":"2019-02-11T16:24:14","guid":{"rendered":"https:\/\/www.teehaus-janssen.de\/product\/0110-weisser-und-gruener-tee-pfirsich-maracuja\/"},"modified":"2025-09-30T09:18:58","modified_gmt":"2025-09-30T07:18:58","slug":"0110-weisser-und-gruener-tee-pfirsich-maracuja","status":"publish","type":"product","link":"https:\/\/www.teehaus-janssen.de\/shop\/produkt\/0110-weisser-und-gruener-tee-pfirsich-maracuja\/","title":{"rendered":"0110 &#8211; WEISSER UND GR\u00dcNER TEE &#8211; PFIRSICH-MARACUJA"},"content":{"rendered":"<p style=\"font-size: 11px;font-family: 'Lucida Sans Unicode', 'Lucida Sans', Verdana, Helvetica\"><span style=\"font-family: arial,verdana,helvetica\"><span style=\"font-size: 11px\"><span style=\"font-size: 14px\"><strong style=\"font-size: 14px\">Herkunft:\u00a0<\/strong>exklusive TEEhaus-Mischung aus erntefrischen Rohstoffen im Hause frisch zusammengestellt.<\/span><\/span><\/span><\/p>\n<p style=\"font-size: 11px;font-family: 'Lucida Sans Unicode', 'Lucida Sans', Verdana, Helvetica\"><span style=\"font-family: arial,verdana,helvetica\"><span style=\"font-size: 11px\"><span style=\"font-size: 14px\"><b>Erl\u00e4uterung:<\/b> Gr\u00fcner und Wei\u00dfer Chinatee nat\u00fcrlich aromatisiert.<\/span><\/span><\/span><\/p>\n<p><strong>Zutaten: <\/strong>Gr\u00fcner und Wei\u00dfer Chinatee, Erdbeerst\u00fccke, Rosenknospen, Kornblumen-\/Malvenbl\u00fcten, nat\u00fcrliches Aroma.<\/p>\n<p style=\"font-size: 11px;font-family: 'Lucida Sans Unicode', 'Lucida Sans', Verdana, Helvetica\"><span style=\"font-family: arial,verdana,helvetica\"><span style=\"font-size: 11px\"><span style=\"font-size: 14px\"><strong style=\"font-size: 14px\">Nat\u00fcrlich tropisch, fruchtig, belebendes erfrischendes Finale.<\/strong><\/span><\/span><\/span><\/p>\n<p>&nbsp;<\/p>\n","protected":false},"excerpt":{"rendered":"<p style=\"font-size: 11px;font-family: 'Lucida Sans Unicode', 'Lucida Sans', Verdana, Helvetica\"><span style=\"font-family: arial,verdana,helvetica\"><span style=\"font-size: 11px\"><span style=\"font-size: 14px\"><strong style=\"font-size: 14px\">Herkunft:\u00a0<\/strong>exklusive TEEhaus-Mischung aus erntefrischen Rohstoffen im Hause frisch zusammengestellt.<\/span><\/span><\/span><\/p>\n<p style=\"font-size: 11px;font-family: 'Lucida Sans Unicode', 'Lucida Sans', Verdana, Helvetica\"><span style=\"font-family: arial,verdana,helvetica\"><span style=\"font-size: 11px\"><span style=\"font-size: 14px\"><b>Erl\u00e4uterung:<\/b> Gr\u00fcner und Wei\u00dfer Chinatee nat\u00fcrlich aromatisiert.<\/span><\/span><\/span><\/p>\n<p><strong>Zutaten: <\/strong>Gr\u00fcner und Wei\u00dfer Chinatee, Erdbeerst\u00fccke, Rosenknospen, Kornblumen-\/Malvenbl\u00fcten, nat\u00fcrliches Aroma.<\/p>\n<p style=\"font-size: 11px;font-family: 'Lucida Sans Unicode', 'Lucida Sans', Verdana, Helvetica\"><span style=\"font-family: arial,verdana,helvetica\"><span style=\"font-size: 11px\"><span style=\"font-size: 14px\"><strong style=\"font-size: 14px\">Nat\u00fcrlich tropisch, fruchtig, belebendes erfrischendes Finale.<\/strong><\/span><\/span><\/span><\/p>\n<p>&nbsp;<\/p>\n","protected":false},"featured_media":6577,"template":"","meta":{"_acf_changed":false},"product_brand":[],"product_cat":[279],"product_tag":[],"class_list":{"0":"post-6576","1":"product","2":"type-product","3":"status-publish","4":"has-post-thumbnail","6":"product_cat-0100-0120-gruener-weisser-tee-aromatisiert","7":"pa_menge-50-g","8":"pa_menge-100-g","9":"pa_menge-125-g","10":"pa_menge-250-g","11":"pa_menge-500-g","12":"pa_menge-1-kg","14":"first","15":"instock","16":"taxable","17":"shipping-taxable","18":"purchasable","19":"product-type-variable","20":"has-default-attributes"},"acf":[],"_links":{"self":[{"href":"https:\/\/www.teehaus-janssen.de\/shop\/wp-json\/wp\/v2\/product\/6576","targetHints":{"allow":["GET"]}}],"collection":[{"href":"https:\/\/www.teehaus-janssen.de\/shop\/wp-json\/wp\/v2\/product"}],"about":[{"href":"https:\/\/www.teehaus-janssen.de\/shop\/wp-json\/wp\/v2\/types\/product"}],"wp:featuredmedia":[{"embeddable":true,"href":"https:\/\/www.teehaus-janssen.de\/shop\/wp-json\/wp\/v2\/media\/6577"}],"wp:attachment":[{"href":"https:\/\/www.teehaus-janssen.de\/shop\/wp-json\/wp\/v2\/media?parent=6576"}],"wp:term":[{"taxonomy":"product_brand","embeddable":true,"href":"https:\/\/www.teehaus-janssen.de\/shop\/wp-json\/wp\/v2\/product_brand?post=6576"},{"taxonomy":"product_cat","embeddable":true,"href":"https:\/\/www.teehaus-janssen.de\/shop\/wp-json\/wp\/v2\/product_cat?post=6576"},{"taxonomy":"product_tag","embeddable":true,"href":"https:\/\/www.teehaus-janssen.de\/shop\/wp-json\/wp\/v2\/product_tag?post=6576"}],"curies":[{"name":"wp","href":"https:\/\/api.w.org\/{rel}","templated":true}]}}