{"id":6568,"date":"2019-02-11T17:24:14","date_gmt":"2019-02-11T16:24:14","guid":{"rendered":"https:\/\/www.teehaus-janssen.de\/product\/0109-weisser-und-gruener-tee-quitte-rose\/"},"modified":"2025-09-30T09:18:58","modified_gmt":"2025-09-30T07:18:58","slug":"0109-weisser-und-gruener-tee-quitte-rose","status":"publish","type":"product","link":"https:\/\/www.teehaus-janssen.de\/shop\/produkt\/0109-weisser-und-gruener-tee-quitte-rose\/","title":{"rendered":"0109 &#8211; WEISSER UND GR\u00dcNER TEE &#8211; QUITTE-ROSE"},"content":{"rendered":"<p style=\"font-size: 11px;font-family: 'Lucida Sans Unicode', 'Lucida Sans', Verdana, Helvetica\"><span style=\"font-size: 11px;font-family: arial, verdana, helvetica\"><span style=\"font-size: 14px\"><strong style=\"font-size: 14px\">Herkunft:\u00a0<\/strong>exklusive TEEhaus-Mischung aus erntefrischen Rohstoffen im Hause frisch zusammengestellt.<\/span><\/span><\/p>\n<p style=\"font-size: 11px;font-family: 'Lucida Sans Unicode', 'Lucida Sans', Verdana, Helvetica\"><span style=\"font-size: 11px;font-family: arial, verdana, helvetica\"><span style=\"font-size: 14px\"><strong style=\"font-size: 14px\">Erl\u00e4uterung:<\/strong> Gr\u00fcner und Wei\u00dfer Chinatee, aromatisiert.<\/span><\/span><\/p>\n<p><strong>Zutaten: <\/strong>Gr\u00fcner und Wei\u00dfer Chinatee, Johannisbeeren, Rosenbl\u00fcten 1,5 %, Kornblumen-\/Malvenbl\u00fcten, fruchtig duftige Aromen.<\/p>\n<p style=\"font-size: 11px;font-family: 'Lucida Sans Unicode', 'Lucida Sans', Verdana, Helvetica\"><span style=\"font-size: 11px;font-family: arial, verdana, helvetica\"><span style=\"font-size: 14px\"><strong style=\"font-size: 14px\">Quittenfruchtig-rosig, belebend, aromatisches Finale.<\/strong><\/span><\/span><\/p>\n<p style=\"font-size: 11px;font-family: 'Lucida Sans Unicode', 'Lucida Sans', Verdana, Helvetica\"><span style=\"font-size: 11px;font-family: arial, verdana, helvetica\"><span style=\"font-size: 14px\">\u00a0<\/span><\/span><\/p>\n","protected":false},"excerpt":{"rendered":"<p><strong>Herkunft:\u00a0<\/strong>exklusive TEEhaus-Mischung aus erntefrischen Rohstoffen im Hause frisch zusammengestellt.<\/p>\n<p><strong>Erl\u00e4uterung:<\/strong> Gr\u00fcner und Wei\u00dfer Chinatee, aromatisiert.<\/p>\n<p><strong>Zutaten: <\/strong>Gr\u00fcner und Wei\u00dfer Chinatee, Johannisbeeren, Rosenbl\u00fcten 1,5 %, Kornblumen-\/Malvenbl\u00fcten, fruchtig duftige Aromen.<\/p>\n<p><strong>Quittenfruchtig-rosig, belebend, aromatisches Finale.<\/strong><\/p>\n<p>&nbsp;<\/p>\n","protected":false},"featured_media":6569,"template":"","meta":{"_acf_changed":false},"product_brand":[],"product_cat":[279],"product_tag":[],"class_list":{"0":"post-6568","1":"product","2":"type-product","3":"status-publish","4":"has-post-thumbnail","6":"product_cat-0100-0120-gruener-weisser-tee-aromatisiert","7":"pa_menge-50-g","8":"pa_menge-100-g","9":"pa_menge-125-g","10":"pa_menge-250-g","11":"pa_menge-500-g","12":"pa_menge-1-kg","14":"first","15":"instock","16":"taxable","17":"shipping-taxable","18":"purchasable","19":"product-type-variable","20":"has-default-attributes"},"acf":[],"_links":{"self":[{"href":"https:\/\/www.teehaus-janssen.de\/shop\/wp-json\/wp\/v2\/product\/6568","targetHints":{"allow":["GET"]}}],"collection":[{"href":"https:\/\/www.teehaus-janssen.de\/shop\/wp-json\/wp\/v2\/product"}],"about":[{"href":"https:\/\/www.teehaus-janssen.de\/shop\/wp-json\/wp\/v2\/types\/product"}],"wp:featuredmedia":[{"embeddable":true,"href":"https:\/\/www.teehaus-janssen.de\/shop\/wp-json\/wp\/v2\/media\/6569"}],"wp:attachment":[{"href":"https:\/\/www.teehaus-janssen.de\/shop\/wp-json\/wp\/v2\/media?parent=6568"}],"wp:term":[{"taxonomy":"product_brand","embeddable":true,"href":"https:\/\/www.teehaus-janssen.de\/shop\/wp-json\/wp\/v2\/product_brand?post=6568"},{"taxonomy":"product_cat","embeddable":true,"href":"https:\/\/www.teehaus-janssen.de\/shop\/wp-json\/wp\/v2\/product_cat?post=6568"},{"taxonomy":"product_tag","embeddable":true,"href":"https:\/\/www.teehaus-janssen.de\/shop\/wp-json\/wp\/v2\/product_tag?post=6568"}],"curies":[{"name":"wp","href":"https:\/\/api.w.org\/{rel}","templated":true}]}}