{"id":6552,"date":"2019-02-11T17:24:13","date_gmt":"2019-02-11T16:24:13","guid":{"rendered":"https:\/\/www.teehaus-janssen.de\/product\/0107-weisser-und-gruener-tee-zitrone\/"},"modified":"2025-09-30T09:18:08","modified_gmt":"2025-09-30T07:18:08","slug":"0107-weisser-und-gruener-tee-zitrone","status":"publish","type":"product","link":"https:\/\/www.teehaus-janssen.de\/shop\/produkt\/0107-weisser-und-gruener-tee-zitrone\/","title":{"rendered":"0107 &#8211; WEISSER UND GR\u00dcNER TEE &#8211; ZITRONE"},"content":{"rendered":"<p style=\"font-size: 11px;font-family: 'Lucida Sans Unicode', 'Lucida Sans', Verdana, Helvetica\"><span style=\"font-size: 11px;font-family: arial, verdana, helvetica\"><span style=\"font-size: 14px\"><strong style=\"font-size: 14px\">Herkunft:\u00a0<\/strong>exklusive TEEhaus-Mischung aus erntefrischen Rohstoffen im Hause frisch zusammengestellt.<\/span><\/span><\/p>\n<p style=\"font-size: 11px;font-family: 'Lucida Sans Unicode', 'Lucida Sans', Verdana, Helvetica\"><span style=\"font-size: 11px;font-family: arial, verdana, helvetica\"><span style=\"font-size: 14px\"><strong style=\"font-size: 14px\">Erl\u00e4uterung:<\/strong> Gr\u00fcner und Wei\u00dfer Chinatee nat\u00fcrlich aromatisiert.<\/span><\/span><\/p>\n<p><strong>Zutaten:<\/strong> Gr\u00fcner und Wei\u00dfer Chinatee, Zitronenschalen, Lemongras 4 %, nat\u00fcrliches Aroma.<\/p>\n<p style=\"font-size: 11px;font-family: 'Lucida Sans Unicode', 'Lucida Sans', Verdana, Helvetica\"><span style=\"font-size: 11px;font-family: arial, verdana, helvetica\"><span style=\"font-size: 14px\"><strong style=\"font-size: 14px\">Nat\u00fcrlich zitrusduftig, belebend, angenehm frisches Finale.<\/strong><\/span><\/span><\/p>\n<p class=\"line-height-75 cke-line-height\" style=\"font-size: 11px;font-family: 'Lucida Sans Unicode', 'Lucida Sans', Verdana, Helvetica\">\n","protected":false},"excerpt":{"rendered":"<p style=\"font-size: 11px;font-family: 'Lucida Sans Unicode', 'Lucida Sans', Verdana, Helvetica\"><span style=\"font-size: 11px;font-family: arial, verdana, helvetica\"><span style=\"font-size: 14px\"><strong style=\"font-size: 14px\">Herkunft:\u00a0<\/strong>exklusive TEEhaus-Mischung aus erntefrischen Rohstoffen im Hause frisch zusammengestellt.<\/span><\/span><\/p>\n<p style=\"font-size: 11px;font-family: 'Lucida Sans Unicode', 'Lucida Sans', Verdana, Helvetica\"><span style=\"font-size: 11px;font-family: arial, verdana, helvetica\"><span style=\"font-size: 14px\"><strong style=\"font-size: 14px\">Erl\u00e4uterung:<\/strong> Gr\u00fcner und Wei\u00dfer Chinatee nat\u00fcrlich aromatisiert.<\/span><\/span><\/p>\n<p><strong>Zutaten:<\/strong> Gr\u00fcner und Wei\u00dfer Chinatee, Zitronenschalen, Lemongras 4 %, nat\u00fcrliches Aroma.<\/p>\n<p style=\"font-size: 11px;font-family: 'Lucida Sans Unicode', 'Lucida Sans', Verdana, Helvetica\"><span style=\"font-size: 11px;font-family: arial, verdana, helvetica\"><span style=\"font-size: 14px\"><strong style=\"font-size: 14px\">Nat\u00fcrlich zitrusduftig, belebend, angenehm frisches Finale.<\/strong><\/span><\/span><\/p>\n<p class=\"line-height-75 cke-line-height\" style=\"font-size: 11px;font-family: 'Lucida Sans Unicode', 'Lucida Sans', Verdana, Helvetica\">\n","protected":false},"featured_media":6553,"template":"","meta":{"_acf_changed":false},"product_brand":[482],"product_cat":[279],"product_tag":[],"class_list":{"0":"post-6552","1":"product","2":"type-product","3":"status-publish","4":"has-post-thumbnail","6":"product_brand-482","7":"product_cat-0100-0120-gruener-weisser-tee-aromatisiert","8":"pa_menge-50-g","9":"pa_menge-100-g","10":"pa_menge-125-g","11":"pa_menge-250-g","12":"pa_menge-500-g","13":"pa_menge-1-kg","15":"first","16":"instock","17":"taxable","18":"shipping-taxable","19":"purchasable","20":"product-type-variable","21":"has-default-attributes"},"acf":[],"_links":{"self":[{"href":"https:\/\/www.teehaus-janssen.de\/shop\/wp-json\/wp\/v2\/product\/6552","targetHints":{"allow":["GET"]}}],"collection":[{"href":"https:\/\/www.teehaus-janssen.de\/shop\/wp-json\/wp\/v2\/product"}],"about":[{"href":"https:\/\/www.teehaus-janssen.de\/shop\/wp-json\/wp\/v2\/types\/product"}],"wp:featuredmedia":[{"embeddable":true,"href":"https:\/\/www.teehaus-janssen.de\/shop\/wp-json\/wp\/v2\/media\/6553"}],"wp:attachment":[{"href":"https:\/\/www.teehaus-janssen.de\/shop\/wp-json\/wp\/v2\/media?parent=6552"}],"wp:term":[{"taxonomy":"product_brand","embeddable":true,"href":"https:\/\/www.teehaus-janssen.de\/shop\/wp-json\/wp\/v2\/product_brand?post=6552"},{"taxonomy":"product_cat","embeddable":true,"href":"https:\/\/www.teehaus-janssen.de\/shop\/wp-json\/wp\/v2\/product_cat?post=6552"},{"taxonomy":"product_tag","embeddable":true,"href":"https:\/\/www.teehaus-janssen.de\/shop\/wp-json\/wp\/v2\/product_tag?post=6552"}],"curies":[{"name":"wp","href":"https:\/\/api.w.org\/{rel}","templated":true}]}}