{"id":6511,"date":"2019-02-11T17:24:12","date_gmt":"2019-02-11T16:24:12","guid":{"rendered":"https:\/\/www.teehaus-janssen.de\/product\/0102-weisser-und-gruener-tee-sanddorn\/"},"modified":"2025-09-30T09:16:55","modified_gmt":"2025-09-30T07:16:55","slug":"0102-weisser-und-gruener-tee-sanddorn","status":"publish","type":"product","link":"https:\/\/www.teehaus-janssen.de\/shop\/produkt\/0102-weisser-und-gruener-tee-sanddorn\/","title":{"rendered":"0102 &#8211; WEISSER UND GR\u00dcNER TEE &#8211; SANDDORN"},"content":{"rendered":"<p style=\"font-size: 14px;font-family: Arial, Verdana, Helvetica\"><span style=\"font-size: 14px;font-family: arial, verdana, helvetica\"><strong style=\"font-size: 14px\">Herkunft:\u00a0<\/strong>exklusive TEEhaus-Mischung aus erntefrischen Rohstoffen im Hause frisch zusammengestellt.<\/span><\/p>\n<p><strong>Erl\u00e4uterung:\u00a0<\/strong>Die Sanddornbeere pur enth\u00e4lt neben den Provitaminen A, B6, K und C aufgrund des Zusammenwirkens von Mikroorganismen auf der \u00e4u\u00dferen Fruchth\u00fclle auch Vitamin B12. Geeignet zur Herstellung von Teemischungen, Marmeladen, Br\u00e4nden. Sie wird auch &#8222;Zitrone des Nordens&#8220; genannt und hat seit alten Zeiten dazu beigetragen, die auf Vitamin-C-Mangel beruhende Seuche Skorbut\u00a0zu bek\u00e4mpfen.<\/p>\n<p><strong>Zutaten: <\/strong>Gr\u00fcner und Wei\u00dfer Chinatee, Sanddornbeeren 10 %, nat\u00fcrliches Aroma.<\/p>\n<p><span style=\"font-size: 14px;font-family: arial, verdana, helvetica\"><span style=\"font-size: 14px\"><strong style=\"font-size: 14px\">Nat\u00fcrlich sanddornduftig, belebend, erfrischendes Finale.<\/strong><\/span><\/span><\/p>\n<p style=\"font-size: 11px;font-family: 'Lucida Sans Unicode', 'Lucida Sans', Verdana, Helvetica\">\n","protected":false},"excerpt":{"rendered":"<p style=\"font-size: 14px;font-family: Arial, Verdana, Helvetica\"><span style=\"font-size: 14px;font-family: arial, verdana, helvetica\"><strong style=\"font-size: 14px\">Herkunft:\u00a0<\/strong>exklusive TEEhaus-Mischung aus erntefrischen Rohstoffen im Hause frisch zusammengestellt.<\/span><\/p>\n<p><strong>Erl\u00e4uterung:\u00a0<\/strong>Die Sanddornbeere pur enth\u00e4lt neben den Provitaminen A, B6, K und C aufgrund des Zusammenwirkens von Mikroorganismen auf der \u00e4u\u00dferen Fruchth\u00fclle auch Vitamin B12. Geeignet zur Herstellung von Teemischungen, Marmeladen, Br\u00e4nden. Sie wird auch &#8222;Zitrone des Nordens&#8220; genannt und hat seit alten Zeiten dazu beigetragen, die auf Vitamin-C-Mangel beruhende Seuche Skorbut\u00a0zu bek\u00e4mpfen.<\/p>\n<p><strong>Zutaten: <\/strong>Gr\u00fcner und Wei\u00dfer Chinatee, Sanddornbeeren 10 %, nat\u00fcrliches Aroma.<\/p>\n<p><span style=\"font-size: 14px;font-family: arial, verdana, helvetica\"><span style=\"font-size: 14px\"><strong style=\"font-size: 14px\">Nat\u00fcrlich sanddornduftig, belebend, erfrischendes Finale.<\/strong><\/span><\/span><\/p>\n<p style=\"font-size: 11px;font-family: 'Lucida Sans Unicode', 'Lucida Sans', Verdana, Helvetica\">\n","protected":false},"featured_media":6512,"template":"","meta":{"_acf_changed":false},"product_brand":[],"product_cat":[279],"product_tag":[],"class_list":{"0":"post-6511","1":"product","2":"type-product","3":"status-publish","4":"has-post-thumbnail","6":"product_cat-0100-0120-gruener-weisser-tee-aromatisiert","7":"pa_menge-50-g","8":"pa_menge-100-g","9":"pa_menge-125-g","10":"pa_menge-250-g","11":"pa_menge-500-g","12":"pa_menge-1-kg","14":"first","15":"instock","16":"taxable","17":"shipping-taxable","18":"purchasable","19":"product-type-variable","20":"has-default-attributes"},"acf":[],"_links":{"self":[{"href":"https:\/\/www.teehaus-janssen.de\/shop\/wp-json\/wp\/v2\/product\/6511","targetHints":{"allow":["GET"]}}],"collection":[{"href":"https:\/\/www.teehaus-janssen.de\/shop\/wp-json\/wp\/v2\/product"}],"about":[{"href":"https:\/\/www.teehaus-janssen.de\/shop\/wp-json\/wp\/v2\/types\/product"}],"wp:featuredmedia":[{"embeddable":true,"href":"https:\/\/www.teehaus-janssen.de\/shop\/wp-json\/wp\/v2\/media\/6512"}],"wp:attachment":[{"href":"https:\/\/www.teehaus-janssen.de\/shop\/wp-json\/wp\/v2\/media?parent=6511"}],"wp:term":[{"taxonomy":"product_brand","embeddable":true,"href":"https:\/\/www.teehaus-janssen.de\/shop\/wp-json\/wp\/v2\/product_brand?post=6511"},{"taxonomy":"product_cat","embeddable":true,"href":"https:\/\/www.teehaus-janssen.de\/shop\/wp-json\/wp\/v2\/product_cat?post=6511"},{"taxonomy":"product_tag","embeddable":true,"href":"https:\/\/www.teehaus-janssen.de\/shop\/wp-json\/wp\/v2\/product_tag?post=6511"}],"curies":[{"name":"wp","href":"https:\/\/api.w.org\/{rel}","templated":true}]}}