{"id":6503,"date":"2019-02-11T17:24:12","date_gmt":"2019-02-11T16:24:12","guid":{"rendered":"https:\/\/www.teehaus-janssen.de\/product\/0101-mondpalast-weisser-und-gruener-tee\/"},"modified":"2025-09-30T09:16:50","modified_gmt":"2025-09-30T07:16:50","slug":"0101-mondpalast-weisser-und-gruener-tee","status":"publish","type":"product","link":"https:\/\/www.teehaus-janssen.de\/shop\/produkt\/0101-mondpalast-weisser-und-gruener-tee\/","title":{"rendered":"0101 &#8211; MONDPALAST &#8211; WEISSER UND GR\u00dcNER TEE"},"content":{"rendered":"<p><span style=\"font-family: arial,verdana,helvetica\"><span style=\"font-size: 14px\"><strong>Herkunft: <\/strong>exklusive TEEhaus-Mischung aus erntefrischen Rohstoffen im Hause frisch zusammengestellt.<\/span><\/span><\/p>\n<p><span style=\"font-family: arial,verdana,helvetica\"><span style=\"font-size: 14px\"><strong>Erl\u00e4uterung: <\/strong>Gr\u00fcner und Wei\u00dfer Tee nat\u00fcrlich aromatisiert.<br \/>\n<\/span><\/span><\/p>\n<p><strong>Zutaten:<\/strong> Gr\u00fcner Indien Darjeeling, Gr\u00fcner Tee, Wei\u00dfer Chinatee, Holunderbl\u00fcten, nat\u00fcrliches Aroma.<\/p>\n<p><span style=\"font-family: arial,verdana,helvetica\"><span style=\"font-size: 14px\"><strong>Nat\u00fcrlich, zitronig-vanilleduftig, belebend, mit erfrischendem Finale.<\/strong><\/span><\/span><\/p>\n<p class=\"line-height-75 cke-line-height\">\n<p class=\"line-height-75 cke-line-height\">\n","protected":false},"excerpt":{"rendered":"<p><span style=\"font-family: arial,verdana,helvetica\"><span style=\"font-size: 14px\"><strong>Herkunft: <\/strong>exklusive TEEhaus-Mischung aus erntefrischen Rohstoffen im Hause frisch zusammengestellt.<\/span><\/span><\/p>\n<p><span style=\"font-family: arial,verdana,helvetica\"><span style=\"font-size: 14px\"><strong>Erl\u00e4uterung: <\/strong>Gr\u00fcner und Wei\u00dfer Tee nat\u00fcrlich aromatisiert.<br \/>\n<\/span><\/span><\/p>\n<p><strong>Zutaten:<\/strong> Gr\u00fcner Indien Darjeeling, Gr\u00fcner Tee, Wei\u00dfer Chinatee, Holunderbl\u00fcten, nat\u00fcrliches Aroma.<\/p>\n<p><span style=\"font-family: arial,verdana,helvetica\"><span style=\"font-size: 14px\"><strong>Nat\u00fcrlich, zitronig-vanilleduftig, belebend, mit erfrischendem Finale.<\/strong><\/span><\/span><\/p>\n<p class=\"line-height-75 cke-line-height\">\n<p class=\"line-height-75 cke-line-height\">\n","protected":false},"featured_media":6504,"template":"","meta":{"_acf_changed":false},"product_brand":[],"product_cat":[279],"product_tag":[],"class_list":{"0":"post-6503","1":"product","2":"type-product","3":"status-publish","4":"has-post-thumbnail","6":"product_cat-0100-0120-gruener-weisser-tee-aromatisiert","7":"pa_menge-50-g","8":"pa_menge-100-g","9":"pa_menge-125-g","10":"pa_menge-250-g","11":"pa_menge-500-g","12":"pa_menge-1-kg","14":"first","15":"instock","16":"taxable","17":"shipping-taxable","18":"purchasable","19":"product-type-variable","20":"has-default-attributes"},"acf":[],"_links":{"self":[{"href":"https:\/\/www.teehaus-janssen.de\/shop\/wp-json\/wp\/v2\/product\/6503","targetHints":{"allow":["GET"]}}],"collection":[{"href":"https:\/\/www.teehaus-janssen.de\/shop\/wp-json\/wp\/v2\/product"}],"about":[{"href":"https:\/\/www.teehaus-janssen.de\/shop\/wp-json\/wp\/v2\/types\/product"}],"wp:featuredmedia":[{"embeddable":true,"href":"https:\/\/www.teehaus-janssen.de\/shop\/wp-json\/wp\/v2\/media\/6504"}],"wp:attachment":[{"href":"https:\/\/www.teehaus-janssen.de\/shop\/wp-json\/wp\/v2\/media?parent=6503"}],"wp:term":[{"taxonomy":"product_brand","embeddable":true,"href":"https:\/\/www.teehaus-janssen.de\/shop\/wp-json\/wp\/v2\/product_brand?post=6503"},{"taxonomy":"product_cat","embeddable":true,"href":"https:\/\/www.teehaus-janssen.de\/shop\/wp-json\/wp\/v2\/product_cat?post=6503"},{"taxonomy":"product_tag","embeddable":true,"href":"https:\/\/www.teehaus-janssen.de\/shop\/wp-json\/wp\/v2\/product_tag?post=6503"}],"curies":[{"name":"wp","href":"https:\/\/api.w.org\/{rel}","templated":true}]}}