{"id":6429,"date":"2019-02-11T17:24:09","date_gmt":"2019-02-11T16:24:09","guid":{"rendered":"https:\/\/www.teehaus-janssen.de\/product\/0038-china-xia-zhou-bi-feng-gruener-tee\/"},"modified":"2025-09-30T09:14:54","modified_gmt":"2025-09-30T07:14:54","slug":"0038-china-xia-zhou-bi-feng-gruener-tee","status":"publish","type":"product","link":"https:\/\/www.teehaus-janssen.de\/shop\/produkt\/0038-china-xia-zhou-bi-feng-gruener-tee\/","title":{"rendered":"0038 &#8211; CHINA &#8211; XIA ZHOU BI FENG &#8211; GR\u00dcNER TEE"},"content":{"rendered":"<p><span style=\"font-family: arial,verdana,helvetica\"><span style=\"font-size: 14px\"><strong>Herkunft: <\/strong>China-Anhui, highgrown, Fr\u00fchlingspfl\u00fcckung.<\/span><\/span><\/p>\n<p><span style=\"font-family: arial,verdana,helvetica\"><span style=\"font-size: 14px\"><strong>Erl\u00e4uterung:<\/strong>\u200b Gebirgsg\u00e4rten bei Qimen entlang der sechs \u00c4wu-An Berge. Gongfu = ged\u00e4mpftes Fr\u00fchlingsblatt. Von Hand zu grobkraus drehendem Spiralblatt getrocknet.<\/span><\/span><\/p>\n<p><span style=\"font-family: arial,verdana,helvetica\"><span style=\"font-size: 14px\"><strong>\u200bMildherb, erfrischend, belebend.<\/strong><\/span><\/span><\/p>\n<p class=\"line-height-75 cke-line-height\">\n","protected":false},"excerpt":{"rendered":"<p><strong>Herkunft: <\/strong>China-Anhui, highgrown, Fr\u00fchlingspfl\u00fcckung.<\/p>\n<p><strong>Erl\u00e4uterung:<\/strong>\u200b Gebirgsg\u00e4rten bei Qimen entlang der sechs \u00c4wu-An-Berge. Gongfu = ged\u00e4mpftes Fr\u00fchlingsblatt. Von Hand zu grobkraus drehendem Spiralblatt getrocknet.<\/p>\n<p><strong>\u200bMildherb, erfrischend, belebend.<\/strong><\/p>\n<p class=\"line-height-75 cke-line-height\">\n","protected":false},"featured_media":6430,"template":"","meta":{"_acf_changed":false},"product_brand":[],"product_cat":[276],"product_tag":[],"class_list":{"0":"post-6429","1":"product","2":"type-product","3":"status-publish","4":"has-post-thumbnail","6":"product_cat-0001-0049-gruener-weisser-tee-unfermentiert","7":"pa_menge-50-g","8":"pa_menge-100-g","9":"pa_menge-125-g","10":"pa_menge-250-g","11":"pa_menge-500-g","12":"pa_menge-1-kg","14":"first","15":"instock","16":"taxable","17":"shipping-taxable","18":"purchasable","19":"product-type-variable","20":"has-default-attributes"},"acf":[],"_links":{"self":[{"href":"https:\/\/www.teehaus-janssen.de\/shop\/wp-json\/wp\/v2\/product\/6429","targetHints":{"allow":["GET"]}}],"collection":[{"href":"https:\/\/www.teehaus-janssen.de\/shop\/wp-json\/wp\/v2\/product"}],"about":[{"href":"https:\/\/www.teehaus-janssen.de\/shop\/wp-json\/wp\/v2\/types\/product"}],"wp:featuredmedia":[{"embeddable":true,"href":"https:\/\/www.teehaus-janssen.de\/shop\/wp-json\/wp\/v2\/media\/6430"}],"wp:attachment":[{"href":"https:\/\/www.teehaus-janssen.de\/shop\/wp-json\/wp\/v2\/media?parent=6429"}],"wp:term":[{"taxonomy":"product_brand","embeddable":true,"href":"https:\/\/www.teehaus-janssen.de\/shop\/wp-json\/wp\/v2\/product_brand?post=6429"},{"taxonomy":"product_cat","embeddable":true,"href":"https:\/\/www.teehaus-janssen.de\/shop\/wp-json\/wp\/v2\/product_cat?post=6429"},{"taxonomy":"product_tag","embeddable":true,"href":"https:\/\/www.teehaus-janssen.de\/shop\/wp-json\/wp\/v2\/product_tag?post=6429"}],"curies":[{"name":"wp","href":"https:\/\/api.w.org\/{rel}","templated":true}]}}