{"id":6406,"date":"2019-02-11T17:24:08","date_gmt":"2019-02-11T16:24:08","guid":{"rendered":"https:\/\/www.teehaus-janssen.de\/product\/0029-china-zhen-bao-ding-gruener-tee\/"},"modified":"2025-09-30T09:14:18","modified_gmt":"2025-09-30T07:14:18","slug":"0029-china-zhen-bao-ding-gruener-tee","status":"publish","type":"product","link":"https:\/\/www.teehaus-janssen.de\/shop\/produkt\/0029-china-zhen-bao-ding-gruener-tee\/","title":{"rendered":"0029 &#8211; CHINA &#8211; ZHEN BAO DING &#8211; GR\u00dcNER TEE"},"content":{"rendered":"<p class=\"line-height-100 cke-line-height\" style=\"margin: 0px 0px 6px;padding: 0px;background: #ffffff;font-family: 'Work Sans', sans-serif;font-size: 14px\"><span style=\"margin: 0px;padding: 0px;font-size: 14px\"><span style=\"margin: 0px;padding: 0px;font-family: arial, verdana, helvetica\"><b style=\"margin: 0px;padding: 0px\">Herkunft:<\/b>\u00a0China-Guandong, mediumgrown.<\/span><\/span><\/p>\n<p style=\"margin: 0px 0px 6px;padding: 0px;background: #ffffff;font-family: 'Work Sans', sans-serif;font-size: 14px;line-height: 26px !important\"><span style=\"margin: 0px;padding: 0px;font-size: 14px;line-height: 26px !important\"><span style=\"margin: 0px;padding: 0px;font-family: arial, verdana, helvetica;line-height: 26px !important\"><b style=\"margin: 0px;padding: 0px\">Erl\u00e4uterung:<\/b> gr\u00fcner Maipfl\u00fcck mit frischen, duftigen Osmanthusbl\u00fcten bereichert.<\/span><\/span><\/p>\n<p style=\"margin: 0px 0px 6px;padding: 0px;background: #ffffff;font-family: 'Work Sans', sans-serif;font-size: 14px;line-height: 26px !important\"><strong><span style=\"margin: 0px;padding: 0px;font-size: 14px;line-height: 26px !important\"><span style=\"margin: 0px;padding: 0px;font-family: arial, verdana, helvetica;line-height: 26px !important\">Mild-blumig-fruchtig, belebend, mit angenehmem Nachklang.<\/span><\/span><\/strong><\/p>\n","protected":false},"excerpt":{"rendered":"<p class=\"line-height-100 cke-line-height\"><b>Herkunft:<\/b>\u00a0China-Guandong, mediumgrown.<\/p>\n<p><b>Erl\u00e4uterung:<\/b> gr\u00fcner Maipfl\u00fcck mit frischen, duftigen Osmanthusbl\u00fcten bereichert.<\/p>\n<p><strong>Mild-blumig-fruchtig, belebend, mit angenehmem Nachklang.<\/strong><\/p>\n","protected":false},"featured_media":6407,"template":"","meta":{"_acf_changed":false},"product_brand":[],"product_cat":[276],"product_tag":[],"class_list":{"0":"post-6406","1":"product","2":"type-product","3":"status-publish","4":"has-post-thumbnail","6":"product_cat-0001-0049-gruener-weisser-tee-unfermentiert","7":"pa_menge-50-g","8":"pa_menge-100-g","9":"pa_menge-125-g","10":"pa_menge-250-g","11":"pa_menge-500-g","12":"pa_menge-1-kg","14":"first","15":"instock","16":"taxable","17":"shipping-taxable","18":"purchasable","19":"product-type-variable","20":"has-default-attributes"},"acf":[],"_links":{"self":[{"href":"https:\/\/www.teehaus-janssen.de\/shop\/wp-json\/wp\/v2\/product\/6406","targetHints":{"allow":["GET"]}}],"collection":[{"href":"https:\/\/www.teehaus-janssen.de\/shop\/wp-json\/wp\/v2\/product"}],"about":[{"href":"https:\/\/www.teehaus-janssen.de\/shop\/wp-json\/wp\/v2\/types\/product"}],"wp:featuredmedia":[{"embeddable":true,"href":"https:\/\/www.teehaus-janssen.de\/shop\/wp-json\/wp\/v2\/media\/6407"}],"wp:attachment":[{"href":"https:\/\/www.teehaus-janssen.de\/shop\/wp-json\/wp\/v2\/media?parent=6406"}],"wp:term":[{"taxonomy":"product_brand","embeddable":true,"href":"https:\/\/www.teehaus-janssen.de\/shop\/wp-json\/wp\/v2\/product_brand?post=6406"},{"taxonomy":"product_cat","embeddable":true,"href":"https:\/\/www.teehaus-janssen.de\/shop\/wp-json\/wp\/v2\/product_cat?post=6406"},{"taxonomy":"product_tag","embeddable":true,"href":"https:\/\/www.teehaus-janssen.de\/shop\/wp-json\/wp\/v2\/product_tag?post=6406"}],"curies":[{"name":"wp","href":"https:\/\/api.w.org\/{rel}","templated":true}]}}