{"id":6344,"date":"2019-02-11T17:24:07","date_gmt":"2019-02-11T16:24:07","guid":{"rendered":"https:\/\/www.teehaus-janssen.de\/product\/0021-china-silvery-pearl-mountain-weisser-tee\/"},"modified":"2025-09-30T09:10:54","modified_gmt":"2025-09-30T07:10:54","slug":"0021-china-silvery-pearl-mountain-weisser-tee","status":"publish","type":"product","link":"https:\/\/www.teehaus-janssen.de\/shop\/produkt\/0021-china-silvery-pearl-mountain-weisser-tee\/","title":{"rendered":"0021 &#8211; CHINA &#8211; SILVERY PEARL MOUNTAIN &#8211; WEISSER TEE"},"content":{"rendered":"<p style=\"font-size: 11px; font-family: 'Lucida Sans Unicode', 'Lucida Sans', Verdana, Helvetica;\"><strong style=\"font-size: 14px;\">Herkunft:\u00a0<\/strong><span style=\"font-size: 14px;\">China-Fujian mediumgrown.<\/span><\/p>\n<p style=\"font-size: 11px; font-family: 'Lucida Sans Unicode', 'Lucida Sans', Verdana, Helvetica;\"><span style=\"font-size: 11px; font-family: arial, verdana, helvetica;\"><span style=\"font-size: 14px;\"><strong style=\"font-size: 14px;\">Erl\u00e4uterung:<\/strong>\u00a0Handpfl\u00fcckung im Wolkennebeltau. Fr\u00fchlingsflush aus urw\u00fcchsiger Bergnatur, in abgedeckelten Pfannen bei 120 \u00b0C trockener Stauhitze ged\u00e4mpft, handgerollt und getrocknet.<\/span><\/span><\/p>\n<p style=\"font-size: 11px; font-family: 'Lucida Sans Unicode', 'Lucida Sans', Verdana, Helvetica;\"><span style=\"font-size: 11px; font-family: arial, verdana, helvetica;\"><span style=\"font-size: 14px;\"><strong style=\"font-size: 14px;\">Duftig weich, belebend. Rarit\u00e4t.<\/strong><\/span><\/span><\/p>\n","protected":false},"excerpt":{"rendered":"<p><strong>Herkunft:\u00a0<\/strong>China-Fujian, mediumgrown.<\/p>\n<p><strong>Erl\u00e4uterung:<\/strong>\u00a0Handpfl\u00fcckung im Wolkennebeltau. Fr\u00fchlingsflush aus urw\u00fcchsiger Bergnatur, in abgedeckelten Pfannen bei 120 \u00b0C trockener Stauhitze ged\u00e4mpft, handgerollt und getrocknet.<\/p>\n<p><strong>Duftig weich, belebend. Rarit\u00e4t.<\/strong><\/p>\n","protected":false},"featured_media":6345,"template":"","meta":{"_acf_changed":false},"product_brand":[],"product_cat":[276],"product_tag":[],"class_list":{"0":"post-6344","1":"product","2":"type-product","3":"status-publish","4":"has-post-thumbnail","6":"product_cat-0001-0049-gruener-weisser-tee-unfermentiert","7":"pa_menge-50-g","8":"pa_menge-100-g","9":"pa_menge-125-g","10":"pa_menge-250-g","11":"pa_menge-500-g","12":"pa_menge-1-kg","14":"first","15":"instock","16":"taxable","17":"shipping-taxable","18":"purchasable","19":"product-type-variable","20":"has-default-attributes"},"acf":[],"_links":{"self":[{"href":"https:\/\/www.teehaus-janssen.de\/shop\/wp-json\/wp\/v2\/product\/6344","targetHints":{"allow":["GET"]}}],"collection":[{"href":"https:\/\/www.teehaus-janssen.de\/shop\/wp-json\/wp\/v2\/product"}],"about":[{"href":"https:\/\/www.teehaus-janssen.de\/shop\/wp-json\/wp\/v2\/types\/product"}],"wp:featuredmedia":[{"embeddable":true,"href":"https:\/\/www.teehaus-janssen.de\/shop\/wp-json\/wp\/v2\/media\/6345"}],"wp:attachment":[{"href":"https:\/\/www.teehaus-janssen.de\/shop\/wp-json\/wp\/v2\/media?parent=6344"}],"wp:term":[{"taxonomy":"product_brand","embeddable":true,"href":"https:\/\/www.teehaus-janssen.de\/shop\/wp-json\/wp\/v2\/product_brand?post=6344"},{"taxonomy":"product_cat","embeddable":true,"href":"https:\/\/www.teehaus-janssen.de\/shop\/wp-json\/wp\/v2\/product_cat?post=6344"},{"taxonomy":"product_tag","embeddable":true,"href":"https:\/\/www.teehaus-janssen.de\/shop\/wp-json\/wp\/v2\/product_tag?post=6344"}],"curies":[{"name":"wp","href":"https:\/\/api.w.org\/{rel}","templated":true}]}}