{"id":6336,"date":"2019-02-11T17:24:06","date_gmt":"2019-02-11T16:24:06","guid":{"rendered":"https:\/\/www.teehaus-janssen.de\/product\/0020-bio-china-jasmin-moli-quiangang-weisser-tee\/"},"modified":"2025-09-30T09:10:54","modified_gmt":"2025-09-30T07:10:54","slug":"0020-bio-china-jasmin-moli-quiangang-weisser-tee","status":"publish","type":"product","link":"https:\/\/www.teehaus-janssen.de\/shop\/produkt\/0020-bio-china-jasmin-moli-quiangang-weisser-tee\/","title":{"rendered":"0020 &#8211; BIO CHINA &#8211; JASMIN MOLI QUIANGANG &#8211; WEISSER TEE"},"content":{"rendered":"<p><strong>Herkunft:\u00a0<\/strong>China-Fujian, highgrown, Wolkennebeltau-Fr\u00fchlingsflush (&#8222;Quiangang&#8220;).<\/p>\n<p><strong>Erl\u00e4uterung: <\/strong>Teeg\u00e4rten in urw\u00fcchsiger Bergnatur, mit frischen Jasminbl\u00fcten, traditionell von Hand im Wok zu sch\u00f6nstem Kugelblatt\u00a0 gerollt. Zeremonien-Tributtee.<\/p>\n<p><strong>Feinst jasminduftig, belebend. Rarit\u00e4t.<\/strong><\/p>\n<p class=\"line-height-75 cke-line-height\"><img decoding=\"async\" class=\"alignnone size-large wp-image-34478\" src=\"https:\/\/www.teehaus-janssen.de\/shop\/wp-content\/uploads\/2025\/02\/Nicht-EU.png\" alt=\"\" \/><\/p>\n","protected":false},"excerpt":{"rendered":"<p><span style=\"font-family: arial,verdana,helvetica\"><span style=\"font-size: 14px\"><strong>Herkunft:\u00a0<\/strong>China-Fujian, highgrown, Wolkennebeltau-Fr\u00fchlingsflush (&#8222;Quiangang&#8220;).<\/span><\/span><\/p>\n<p><span style=\"font-family: arial,verdana,helvetica\"><span style=\"font-size: 14px\"><strong>Erl\u00e4uterung: <\/strong>Teeg\u00e4rten in urw\u00fcchsiger Bergnatur, mit frischen Jasminbl\u00fcten, traditionell <\/span><\/span><span style=\"font-family: arial,verdana,helvetica\"><span style=\"font-size: 14px\">von Hand <\/span><\/span><span style=\"font-family: arial,verdana,helvetica\"><span style=\"font-size: 14px\">im Wok zu sch\u00f6nstem Kugelblatt\u00a0 gerollt. Zeremonien-Tributtee.<\/span><\/span><\/p>\n<p><span style=\"font-family: arial,verdana,helvetica\"><span style=\"font-size: 14px\"><strong>Feinst jasminduftig, belebend. Rarit\u00e4t.<\/strong><\/span><\/span><\/p>\n<p class=\"line-height-75 cke-line-height\"><img decoding=\"async\" class=\"alignnone size-large wp-image-34478\" src=\"https:\/\/www.teehaus-janssen.de\/shop\/wp-content\/uploads\/2019\/02\/Nicht-EU-700x700.png\" alt=\"\" \/><\/p>\n","protected":false},"featured_media":6337,"template":"","meta":{"_acf_changed":false},"product_brand":[],"product_cat":[276],"product_tag":[],"class_list":{"0":"post-6336","1":"product","2":"type-product","3":"status-publish","4":"has-post-thumbnail","6":"product_cat-0001-0049-gruener-weisser-tee-unfermentiert","7":"pa_menge-50-g","8":"pa_menge-100-g","9":"pa_menge-125-g","10":"pa_menge-250-g","11":"pa_menge-500-g","12":"pa_menge-1-kg","14":"first","15":"instock","16":"taxable","17":"shipping-taxable","18":"purchasable","19":"product-type-variable","20":"has-default-attributes"},"acf":[],"_links":{"self":[{"href":"https:\/\/www.teehaus-janssen.de\/shop\/wp-json\/wp\/v2\/product\/6336","targetHints":{"allow":["GET"]}}],"collection":[{"href":"https:\/\/www.teehaus-janssen.de\/shop\/wp-json\/wp\/v2\/product"}],"about":[{"href":"https:\/\/www.teehaus-janssen.de\/shop\/wp-json\/wp\/v2\/types\/product"}],"wp:featuredmedia":[{"embeddable":true,"href":"https:\/\/www.teehaus-janssen.de\/shop\/wp-json\/wp\/v2\/media\/6337"}],"wp:attachment":[{"href":"https:\/\/www.teehaus-janssen.de\/shop\/wp-json\/wp\/v2\/media?parent=6336"}],"wp:term":[{"taxonomy":"product_brand","embeddable":true,"href":"https:\/\/www.teehaus-janssen.de\/shop\/wp-json\/wp\/v2\/product_brand?post=6336"},{"taxonomy":"product_cat","embeddable":true,"href":"https:\/\/www.teehaus-janssen.de\/shop\/wp-json\/wp\/v2\/product_cat?post=6336"},{"taxonomy":"product_tag","embeddable":true,"href":"https:\/\/www.teehaus-janssen.de\/shop\/wp-json\/wp\/v2\/product_tag?post=6336"}],"curies":[{"name":"wp","href":"https:\/\/api.w.org\/{rel}","templated":true}]}}