{"id":6328,"date":"2019-02-11T17:24:06","date_gmt":"2019-02-11T16:24:06","guid":{"rendered":"https:\/\/www.teehaus-janssen.de\/product\/0019-bio-china-jasmin-superior-weisser-tee\/"},"modified":"2026-04-16T15:35:39","modified_gmt":"2026-04-16T13:35:39","slug":"0019-bio-china-jasmin-superior-weisser-tee","status":"publish","type":"product","link":"https:\/\/www.teehaus-janssen.de\/shop\/produkt\/0019-bio-china-jasmin-superior-weisser-tee\/","title":{"rendered":"0019 &#8211; BIO CHINA &#8211; JASMIN SUPERIOR &#8211; WEISSER TEE"},"content":{"rendered":"<p><span style=\"font-family: arial,verdana,helvetica\"><span style=\"font-size: 14px\"><strong>Herkunft:\u00a0<\/strong>China-Fujian, highgrown, Fr\u00fchling &#8211; NEUE ERNTE in TOP Qualit\u00e4t.<\/span><\/span><\/p>\n<p><span style=\"font-family: arial,verdana,helvetica\"><span style=\"font-size: 14px\"><strong>Erl\u00e4uterung:\u00a0<\/strong>Yin Hao &#8211; feine Fr\u00fchlingstips. Frische Jasminbl\u00fcten geben den Bl\u00e4ttern einen zarten Jasminduft vor abschlie\u00dfender Trocknung und Handverlesung.<\/span><\/span><\/p>\n<p><span style=\"font-family: arial,verdana,helvetica\"><span style=\"font-size: 14px\"><strong>Zart jasminduftig, belebend. Rarit\u00e4t.<\/strong><\/span><\/span><\/p>\n<p class=\"line-height-75 cke-line-height\"><img decoding=\"async\" class=\"alignnone size-large wp-image-34478\" src=\"https:\/\/www.teehaus-janssen.de\/shop\/wp-content\/uploads\/2025\/02\/Nicht-EU.png\" alt=\"\" \/><\/p>\n<p>&nbsp;<\/p>\n<p>&nbsp;<\/p>\n","protected":false},"excerpt":{"rendered":"<p><strong>Herkunft:\u00a0<\/strong>China-Fujian, highgrown, Fr\u00fchling &#8211; NEUE ERNTE in TOP Qualit\u00e4t.<\/p>\n<p><strong>Erl\u00e4uterung:\u00a0<\/strong>Yin Hao &#8211; feine Fr\u00fchlingstips. Frische Jasminbl\u00fcten geben den Bl\u00e4ttern einen zarten Jasminduft vor abschlie\u00dfender Trocknung und Handverlesung.<\/p>\n<p><strong>Zart jasminduftig, belebend. Rarit\u00e4t.<\/strong><\/p>\n<p class=\"line-height-75 cke-line-height\"><img decoding=\"async\" class=\"alignnone size-large wp-image-34478\" src=\"https:\/\/www.teehaus-janssen.de\/shop\/wp-content\/uploads\/2019\/02\/Nicht-EU-700x700.png\" alt=\"\" \/><\/p>\n","protected":false},"featured_media":6329,"template":"","meta":{"_acf_changed":false},"product_brand":[],"product_cat":[276],"product_tag":[],"class_list":{"0":"post-6328","1":"product","2":"type-product","3":"status-publish","4":"has-post-thumbnail","6":"product_cat-0001-0049-gruener-weisser-tee-unfermentiert","7":"pa_menge-50-g","8":"pa_menge-100-g","9":"pa_menge-125-g","10":"pa_menge-250-g","11":"pa_menge-500-g","12":"pa_menge-1-kg","14":"first","15":"instock","16":"taxable","17":"shipping-taxable","18":"purchasable","19":"product-type-variable"},"acf":[],"_links":{"self":[{"href":"https:\/\/www.teehaus-janssen.de\/shop\/wp-json\/wp\/v2\/product\/6328","targetHints":{"allow":["GET"]}}],"collection":[{"href":"https:\/\/www.teehaus-janssen.de\/shop\/wp-json\/wp\/v2\/product"}],"about":[{"href":"https:\/\/www.teehaus-janssen.de\/shop\/wp-json\/wp\/v2\/types\/product"}],"wp:featuredmedia":[{"embeddable":true,"href":"https:\/\/www.teehaus-janssen.de\/shop\/wp-json\/wp\/v2\/media\/6329"}],"wp:attachment":[{"href":"https:\/\/www.teehaus-janssen.de\/shop\/wp-json\/wp\/v2\/media?parent=6328"}],"wp:term":[{"taxonomy":"product_brand","embeddable":true,"href":"https:\/\/www.teehaus-janssen.de\/shop\/wp-json\/wp\/v2\/product_brand?post=6328"},{"taxonomy":"product_cat","embeddable":true,"href":"https:\/\/www.teehaus-janssen.de\/shop\/wp-json\/wp\/v2\/product_cat?post=6328"},{"taxonomy":"product_tag","embeddable":true,"href":"https:\/\/www.teehaus-janssen.de\/shop\/wp-json\/wp\/v2\/product_tag?post=6328"}],"curies":[{"name":"wp","href":"https:\/\/api.w.org\/{rel}","templated":true}]}}