{"id":6320,"date":"2019-02-11T17:24:06","date_gmt":"2019-02-11T16:24:06","guid":{"rendered":"https:\/\/www.teehaus-janssen.de\/product\/0018-bio-china-jasmin-mandarin-gruener-tee\/"},"modified":"2025-09-30T09:10:16","modified_gmt":"2025-09-30T07:10:16","slug":"0018-bio-china-jasmin-mandarin-gruener-tee","status":"publish","type":"product","link":"https:\/\/www.teehaus-janssen.de\/shop\/produkt\/0018-bio-china-jasmin-mandarin-gruener-tee\/","title":{"rendered":"0018 &#8211; BIO CHINA &#8211; JASMIN MANDARIN &#8211; GR\u00dcNER TEE"},"content":{"rendered":"<p><span style=\"font-size: xx-small\"><span style=\"font-family: arial,verdana,helvetica\"><span style=\"font-size: 14px\"><strong>Herkunft:<\/strong>\u00a0China-Fujian, highgrown, Fr\u00fchsommer.<\/span><\/span><\/span><\/p>\n<p><span style=\"font-size: xx-small\"><span style=\"font-family: arial,verdana,helvetica\"><span style=\"font-size: 14px\"><strong>\u200bErl\u00e4uterung:<\/strong> von Hand gepfl\u00fcckt und mit dem zarten Duft frisch gepfl\u00fcckter Jasminbl\u00fcten beduftend getrocknet.<\/span><\/span><\/span><\/p>\n<p><span style=\"font-size: xx-small\"><span style=\"font-family: arial,verdana,helvetica\"><span style=\"font-size: 14px\"><strong>Info: <\/strong>\u200bsiehe Janssens TEE-Almanach (Art. 9000)<\/span><\/span><\/span><\/p>\n<p><span style=\"font-size: xx-small\"><span style=\"font-family: arial,verdana,helvetica\"><span style=\"font-size: 14px\"><strong>\u200bZart jasminduftig, belebend. Rarit\u00e4t.<\/strong><\/span><\/span><\/span><\/p>\n<p class=\"line-height-75 cke-line-height\"><img decoding=\"async\" class=\"alignnone size-large wp-image-34478\" src=\"https:\/\/www.teehaus-janssen.de\/shop\/wp-content\/uploads\/2025\/02\/Nicht-EU.png\" alt=\"\" \/><\/p>\n","protected":false},"excerpt":{"rendered":"<p><strong>Herkunft:<\/strong>\u00a0China-Fujian, highgrown, Fr\u00fchsommer.<\/p>\n<p><strong>\u200bErl\u00e4uterung:<\/strong> von Hand gepfl\u00fcckt und mit dem zarten Duft frisch gepfl\u00fcckter Jasminbl\u00fcten beduftend getrocknet.<\/p>\n<p><strong>\u200bZart jasminduftig, belebend. Rarit\u00e4t.<\/strong><\/p>\n<p class=\"line-height-75 cke-line-height\"><img decoding=\"async\" class=\"alignnone size-large wp-image-34478\" src=\"https:\/\/www.teehaus-janssen.de\/shop\/wp-content\/uploads\/2019\/02\/Nicht-EU-700x700.png\" alt=\"\" \/><\/p>\n","protected":false},"featured_media":6321,"template":"","meta":{"_acf_changed":false},"product_brand":[],"product_cat":[276],"product_tag":[],"class_list":{"0":"post-6320","1":"product","2":"type-product","3":"status-publish","4":"has-post-thumbnail","6":"product_cat-0001-0049-gruener-weisser-tee-unfermentiert","7":"pa_menge-50-g","8":"pa_menge-100-g","9":"pa_menge-125-g","10":"pa_menge-250-g","11":"pa_menge-500-g","12":"pa_menge-1-kg","14":"first","15":"instock","16":"taxable","17":"shipping-taxable","18":"purchasable","19":"product-type-variable","20":"has-default-attributes"},"acf":[],"_links":{"self":[{"href":"https:\/\/www.teehaus-janssen.de\/shop\/wp-json\/wp\/v2\/product\/6320","targetHints":{"allow":["GET"]}}],"collection":[{"href":"https:\/\/www.teehaus-janssen.de\/shop\/wp-json\/wp\/v2\/product"}],"about":[{"href":"https:\/\/www.teehaus-janssen.de\/shop\/wp-json\/wp\/v2\/types\/product"}],"wp:featuredmedia":[{"embeddable":true,"href":"https:\/\/www.teehaus-janssen.de\/shop\/wp-json\/wp\/v2\/media\/6321"}],"wp:attachment":[{"href":"https:\/\/www.teehaus-janssen.de\/shop\/wp-json\/wp\/v2\/media?parent=6320"}],"wp:term":[{"taxonomy":"product_brand","embeddable":true,"href":"https:\/\/www.teehaus-janssen.de\/shop\/wp-json\/wp\/v2\/product_brand?post=6320"},{"taxonomy":"product_cat","embeddable":true,"href":"https:\/\/www.teehaus-janssen.de\/shop\/wp-json\/wp\/v2\/product_cat?post=6320"},{"taxonomy":"product_tag","embeddable":true,"href":"https:\/\/www.teehaus-janssen.de\/shop\/wp-json\/wp\/v2\/product_tag?post=6320"}],"curies":[{"name":"wp","href":"https:\/\/api.w.org\/{rel}","templated":true}]}}