{"id":6312,"date":"2019-02-11T17:24:06","date_gmt":"2019-02-11T16:24:06","guid":{"rendered":"https:\/\/www.teehaus-janssen.de\/product\/0017-bio-china-yu-wu-maojian-gruener-tee\/"},"modified":"2025-09-30T09:10:16","modified_gmt":"2025-09-30T07:10:16","slug":"0017-bio-china-yu-wu-maojian-gruener-tee","status":"publish","type":"product","link":"https:\/\/www.teehaus-janssen.de\/shop\/produkt\/0017-bio-china-yu-wu-maojian-gruener-tee\/","title":{"rendered":"0017 &#8211; BIO CHINA &#8211; YU WU MAOJIAN &#8211; GR\u00dcNER TEE"},"content":{"rendered":"<p><span style=\"font-family: arial,verdana,helvetica\"><span style=\"font-size: 14px\"><b>Herkunft: <\/b>\u200bChina-Hubei, mediumgrown, &#8222;Quingming&#8220;-Fr\u00fchlingsflush.<\/span><\/span><\/p>\n<p><span style=\"font-family: arial,verdana,helvetica\"><span style=\"font-size: 14px\"><strong>Erl\u00e4uterung: <\/strong>\u200bHandpfl\u00fcckung im Sp\u00e4tfr\u00fchling mit kurzem, gleichm\u00e4\u00dfig gearbeitetem Blatt dunkelgr\u00fcner F\u00e4rbung. Beliebt zur Eistee-Herstellung.<\/span><\/span><\/p>\n<p><span style=\"font-family: arial,verdana,helvetica\"><span style=\"font-size: 14px\"><strong>Fein, fruchtig-aromatisch, belebend.<\/strong><\/span><\/span><\/p>\n<p class=\"line-height-75 cke-line-height\"><img decoding=\"async\" class=\"alignnone size-large wp-image-34478\" src=\"https:\/\/www.teehaus-janssen.de\/shop\/wp-content\/uploads\/2025\/02\/Nicht-EU.png\" alt=\"\" \/><\/p>\n","protected":false},"excerpt":{"rendered":"<p><b>Herkunft: <\/b>\u200bChina-Hubei, mediumgrown, &#8222;Quingming&#8220;-Fr\u00fchlingsflush.<\/p>\n<p><strong>Erl\u00e4uterung: <\/strong>\u200bHandpfl\u00fcckung im Sp\u00e4tfr\u00fchling mit kurzem, gleichm\u00e4\u00dfig gearbeitetem Blatt dunkelgr\u00fcner F\u00e4rbung. Beliebt zur Eistee-Herstellung.<\/p>\n<p><strong>Fein, fruchtig-aromatisch, belebend.<\/strong><\/p>\n<p class=\"line-height-75 cke-line-height\"><img decoding=\"async\" class=\"alignnone size-large wp-image-34478\" src=\"https:\/\/www.teehaus-janssen.de\/shop\/wp-content\/uploads\/2019\/02\/Nicht-EU-700x700.png\" alt=\"\" \/><\/p>\n","protected":false},"featured_media":6313,"template":"","meta":{"_acf_changed":false},"product_brand":[],"product_cat":[276],"product_tag":[],"class_list":{"0":"post-6312","1":"product","2":"type-product","3":"status-publish","4":"has-post-thumbnail","6":"product_cat-0001-0049-gruener-weisser-tee-unfermentiert","7":"pa_menge-50-g","8":"pa_menge-100-g","9":"pa_menge-125-g","10":"pa_menge-250-g","11":"pa_menge-500-g","12":"pa_menge-1-kg","14":"first","15":"instock","16":"taxable","17":"shipping-taxable","18":"purchasable","19":"product-type-variable","20":"has-default-attributes"},"acf":[],"_links":{"self":[{"href":"https:\/\/www.teehaus-janssen.de\/shop\/wp-json\/wp\/v2\/product\/6312","targetHints":{"allow":["GET"]}}],"collection":[{"href":"https:\/\/www.teehaus-janssen.de\/shop\/wp-json\/wp\/v2\/product"}],"about":[{"href":"https:\/\/www.teehaus-janssen.de\/shop\/wp-json\/wp\/v2\/types\/product"}],"wp:featuredmedia":[{"embeddable":true,"href":"https:\/\/www.teehaus-janssen.de\/shop\/wp-json\/wp\/v2\/media\/6313"}],"wp:attachment":[{"href":"https:\/\/www.teehaus-janssen.de\/shop\/wp-json\/wp\/v2\/media?parent=6312"}],"wp:term":[{"taxonomy":"product_brand","embeddable":true,"href":"https:\/\/www.teehaus-janssen.de\/shop\/wp-json\/wp\/v2\/product_brand?post=6312"},{"taxonomy":"product_cat","embeddable":true,"href":"https:\/\/www.teehaus-janssen.de\/shop\/wp-json\/wp\/v2\/product_cat?post=6312"},{"taxonomy":"product_tag","embeddable":true,"href":"https:\/\/www.teehaus-janssen.de\/shop\/wp-json\/wp\/v2\/product_tag?post=6312"}],"curies":[{"name":"wp","href":"https:\/\/api.w.org\/{rel}","templated":true}]}}