{"id":6257,"date":"2019-02-11T17:24:04","date_gmt":"2019-02-11T16:24:04","guid":{"rendered":"https:\/\/www.teehaus-janssen.de\/product\/0008-bio-china-ding-gu-da-fang-gruener-tee\/"},"modified":"2025-09-30T09:07:40","modified_gmt":"2025-09-30T07:07:40","slug":"0008-bio-china-ding-gu-da-fang-gruener-tee","status":"publish","type":"product","link":"https:\/\/www.teehaus-janssen.de\/shop\/produkt\/0008-bio-china-ding-gu-da-fang-gruener-tee\/","title":{"rendered":"0008 &#8211; BIO CHINA &#8211; DING GU DA FANG &#8211; GR\u00dcNER TEE"},"content":{"rendered":"<p style=\"font-size: 11px;font-family: 'Lucida Sans Unicode', 'Lucida Sans', Verdana, Helvetica\"><span style=\"font-size: 11px;font-family: arial, verdana, helvetica\"><span style=\"font-size: 14px\"><strong style=\"font-size: 14px\">Herkunft:<\/strong>\u00a0China-Anhui,\u00a0Terrasseng\u00e4rten im wilden Tianmu-Bergland, highgrown\u00a0&#8222;Quingming&#8220;-Fr\u00fchlingsflush.<\/span><\/span><\/p>\n<p style=\"font-size: 11px;font-family: 'Lucida Sans Unicode', 'Lucida Sans', Verdana, Helvetica\"><span style=\"font-size: 11px;font-family: arial, verdana, helvetica\"><span style=\"font-size: 14px\"><strong style=\"font-size: 14px\">Erl\u00e4uterung:<\/strong> im Mai w\u00e4hrend der Tee- und Orchideenbl\u00fcte von Hand mit gelblich-silbrigem Fr\u00fchlingsflaum gepfl\u00fcckt.<\/span><\/span><\/p>\n<p style=\"font-size: 11px;font-family: 'Lucida Sans Unicode', 'Lucida Sans', Verdana, Helvetica\"><span style=\"font-size: 11px;font-family: arial, verdana, helvetica\"><span style=\"font-size: 14px\"><strong>Feinw\u00fcrzig, kastanienduftig, belebend.<\/strong><\/span><\/span><\/p>\n<p><span style=\"font-size: 11px;font-family: arial, verdana, helvetica\"><span style=\"font-size: 14px\"><span style=\"font-size: 12px\"><img decoding=\"async\" class=\"alignnone size-large wp-image-34478\" src=\"https:\/\/www.teehaus-janssen.de\/shop\/wp-content\/uploads\/2025\/02\/Nicht-EU.png\" alt=\"\" \/><\/span><\/span><\/span><\/p>\n","protected":false},"excerpt":{"rendered":"<p style=\"font-size: 11px;font-family: 'Lucida Sans Unicode', 'Lucida Sans', Verdana, Helvetica\"><span style=\"font-size: 11px;font-family: arial, verdana, helvetica\"><span style=\"font-size: 14px\"><strong style=\"font-size: 14px\">Herkunft:<\/strong>\u00a0China-Anhui,\u00a0Terrasseng\u00e4rten im wilden Tianmu-Bergland, highgrown, &#8222;Quingming&#8220;-Fr\u00fchlingsflush.<\/span><\/span><\/p>\n<p style=\"font-size: 11px;font-family: 'Lucida Sans Unicode', 'Lucida Sans', Verdana, Helvetica\"><span style=\"font-size: 11px;font-family: arial, verdana, helvetica\"><span style=\"font-size: 14px\"><strong style=\"font-size: 14px\">Erl\u00e4uterung:<\/strong> im Mai w\u00e4hrend der Tee- und Orchideenbl\u00fcte von Hand mit gelblich-silbrigem Fr\u00fchlingsflaum gepfl\u00fcckt.<\/span><\/span><\/p>\n<p style=\"font-size: 11px;font-family: 'Lucida Sans Unicode', 'Lucida Sans', Verdana, Helvetica\"><span style=\"font-size: 11px;font-family: arial, verdana, helvetica\"><span style=\"font-size: 14px\"><strong>Feinw\u00fcrzig, kastanienduftig, belebend.<\/strong><\/span><\/span><\/p>\n<p><span style=\"font-size: 11px;font-family: arial, verdana, helvetica\"><span style=\"font-size: 14px\"><span style=\"font-size: 12px\"><img decoding=\"async\" class=\"alignnone size-large wp-image-34478\" src=\"https:\/\/www.teehaus-janssen.de\/shop\/wp-content\/uploads\/2019\/02\/Nicht-EU-700x700.png\" alt=\"\" \/><\/span><\/span><\/span><\/p>\n","protected":false},"featured_media":6258,"template":"","meta":{"_acf_changed":false},"product_brand":[],"product_cat":[276],"product_tag":[],"class_list":{"0":"post-6257","1":"product","2":"type-product","3":"status-publish","4":"has-post-thumbnail","6":"product_cat-0001-0049-gruener-weisser-tee-unfermentiert","7":"pa_menge-50-g","8":"pa_menge-100-g","9":"pa_menge-125-g","10":"pa_menge-250-g","11":"pa_menge-500-g","12":"pa_menge-1-kg","14":"first","15":"instock","16":"taxable","17":"shipping-taxable","18":"purchasable","19":"product-type-variable","20":"has-default-attributes"},"acf":[],"_links":{"self":[{"href":"https:\/\/www.teehaus-janssen.de\/shop\/wp-json\/wp\/v2\/product\/6257","targetHints":{"allow":["GET"]}}],"collection":[{"href":"https:\/\/www.teehaus-janssen.de\/shop\/wp-json\/wp\/v2\/product"}],"about":[{"href":"https:\/\/www.teehaus-janssen.de\/shop\/wp-json\/wp\/v2\/types\/product"}],"wp:featuredmedia":[{"embeddable":true,"href":"https:\/\/www.teehaus-janssen.de\/shop\/wp-json\/wp\/v2\/media\/6258"}],"wp:attachment":[{"href":"https:\/\/www.teehaus-janssen.de\/shop\/wp-json\/wp\/v2\/media?parent=6257"}],"wp:term":[{"taxonomy":"product_brand","embeddable":true,"href":"https:\/\/www.teehaus-janssen.de\/shop\/wp-json\/wp\/v2\/product_brand?post=6257"},{"taxonomy":"product_cat","embeddable":true,"href":"https:\/\/www.teehaus-janssen.de\/shop\/wp-json\/wp\/v2\/product_cat?post=6257"},{"taxonomy":"product_tag","embeddable":true,"href":"https:\/\/www.teehaus-janssen.de\/shop\/wp-json\/wp\/v2\/product_tag?post=6257"}],"curies":[{"name":"wp","href":"https:\/\/api.w.org\/{rel}","templated":true}]}}