{"id":6228,"date":"2019-02-11T17:24:03","date_gmt":"2019-02-11T16:24:03","guid":{"rendered":"https:\/\/www.teehaus-janssen.de\/product\/0005-bio-china-lung-ching-medium-guter-drache-gruener-tee\/"},"modified":"2025-10-09T17:07:03","modified_gmt":"2025-10-09T15:07:03","slug":"0005-china-bio-lung-ching-medium-guter-drache","status":"publish","type":"product","link":"https:\/\/www.teehaus-janssen.de\/shop\/produkt\/0005-china-bio-lung-ching-medium-guter-drache\/","title":{"rendered":"0005 &#8211; BIO CHINA &#8211; LUNG CHING MEDIUM\/GUTER DRACHE &#8211; GR\u00dcNER TEE"},"content":{"rendered":"<p style=\"font-size: 14px; font-family: Arial, Verdana, Helvetica;\"><strong style=\"font-size: 14px;\">Herkunft:\u00a0<\/strong><span style=\"font-size: 14px;\">China-Zhejiang, Traditionsg\u00e4rten an den H\u00e4ngen des &#8222;West Lake&#8220; Sees bei Hangzhou, <\/span><span style=\"font-size: 14px;\">mediumgrown.<\/span><\/p>\n<p style=\"font-size: 14px; font-family: Arial, Verdana, Helvetica;\"><span style=\"font-size: 14px; font-family: arial, verdana, helvetica;\"><strong style=\"font-size: 14px;\">Erl\u00e4uterung:<\/strong> gewachsen im Einklang mit der Natur. Sch\u00f6nes handgearbeitetes, flach geformtes Blatt.<\/span><\/p>\n<p style=\"font-size: 14px; font-family: Arial, Verdana, Helvetica;\"><strong style=\"font-size: 14px;\"><span style=\"font-size: 14px; font-family: arial, verdana, helvetica;\">Angenehm milde, aromatisch-nussige, belebende, hellgr\u00fcne Tasse.<\/span><\/strong><\/p>\n<p style=\"font-size: 14px; font-family: Arial, Verdana, Helvetica;\"><span style=\"font-size: 12px;\"><span style=\"font-size: 12px; font-family: arial, verdana, helvetica;\"><strong style=\"font-size: 12px;\"><u>ACHTUNG:<\/u><\/strong>\u00a0W\u00fcnschen Sie eine\u00a0LUNG-CHING RARIT\u00c4T von allerh\u00f6chstem Qualit\u00e4tsstandard, dann bestellen Sie unsere <a href=\"\/shop\/produkt\/0004-bio-china-lung-ching-superior-guter-drache-gruener-tee\/\">Sorte Nr. 0004 in SUPERIOR-QUALIT\u00c4T<\/a> zu einem etwas h\u00f6heren Preis.<\/span><\/span><\/p>\n<p><span style=\"font-size: 12px;\"><img decoding=\"async\" class=\"alignnone size-large wp-image-34478\" src=\"https:\/\/www.teehaus-janssen.de\/shop\/wp-content\/uploads\/2025\/02\/Nicht-EU.png\" alt=\"\" \/><\/span><\/p>\n","protected":false},"excerpt":{"rendered":"<p style=\"font-size: 14px; font-family: Arial, Verdana, Helvetica;\"><strong style=\"font-size: 14px;\">Herkunft:\u00a0<\/strong><span style=\"font-size: 14px;\">China-Zhejiang, Traditionsg\u00e4rten an den H\u00e4ngen des &#8222;West Lake&#8220; Sees bei Hangzhou, <\/span><span style=\"font-size: 14px;\">mediumgrown.<\/span><\/p>\n<p style=\"font-size: 14px; font-family: Arial, Verdana, Helvetica;\"><span style=\"font-size: 14px; font-family: arial, verdana, helvetica;\"><strong style=\"font-size: 14px;\">Erl\u00e4uterung:<\/strong> gewachsen im Einklang mit der Natur. Sch\u00f6nes handgearbeitetes, flach geformtes Blatt.<\/span><\/p>\n<p style=\"font-size: 14px; font-family: Arial, Verdana, Helvetica;\"><strong style=\"font-size: 14px;\"><span style=\"font-size: 14px; font-family: arial, verdana, helvetica;\">Angenehm milde, aromatisch-nussige, belebende, hellgr\u00fcne Tasse.<\/span><\/strong><\/p>\n<p style=\"font-size: 14px; font-family: Arial, Verdana, Helvetica;\"><span style=\"font-size: 12px;\"><span style=\"font-size: 12px; font-family: arial, verdana, helvetica;\"><strong style=\"font-size: 12px;\"><u>ACHTUNG:<\/u><\/strong>\u00a0W\u00fcnschen Sie eine\u00a0LUNG-CHING RARIT\u00c4T von allerh\u00f6chstem Qualit\u00e4tsstandard, dann bestellen Sie unsere <a href=\"https:\/\/www.teehaus-janssen.de\/shop\/produkt\/0004-china-bio-lung-ching-superior-guter-drache\/\">Sorte Nr. 0004 in SUPERIOR-QUALIT\u00c4T<\/a> zu einem etwas h\u00f6heren Preis.<\/span><\/span><\/p>\n<p><span style=\"font-size: 12px;\"><img decoding=\"async\" class=\"alignnone size-large wp-image-34478\" src=\"https:\/\/www.teehaus-janssen.de\/shop\/wp-content\/uploads\/2019\/02\/Nicht-EU-700x700.png\" alt=\"\" \/><\/span><\/p>\n","protected":false},"featured_media":6229,"template":"","meta":{"_acf_changed":false},"product_brand":[],"product_cat":[276],"product_tag":[],"class_list":{"0":"post-6228","1":"product","2":"type-product","3":"status-publish","4":"has-post-thumbnail","6":"product_cat-0001-0049-gruener-weisser-tee-unfermentiert","7":"pa_menge-50-g","8":"pa_menge-100-g","9":"pa_menge-125-g","10":"pa_menge-250-g","11":"pa_menge-500-g","12":"pa_menge-1-kg","14":"first","15":"instock","16":"taxable","17":"shipping-taxable","18":"purchasable","19":"product-type-variable"},"acf":[],"_links":{"self":[{"href":"https:\/\/www.teehaus-janssen.de\/shop\/wp-json\/wp\/v2\/product\/6228","targetHints":{"allow":["GET"]}}],"collection":[{"href":"https:\/\/www.teehaus-janssen.de\/shop\/wp-json\/wp\/v2\/product"}],"about":[{"href":"https:\/\/www.teehaus-janssen.de\/shop\/wp-json\/wp\/v2\/types\/product"}],"wp:featuredmedia":[{"embeddable":true,"href":"https:\/\/www.teehaus-janssen.de\/shop\/wp-json\/wp\/v2\/media\/6229"}],"wp:attachment":[{"href":"https:\/\/www.teehaus-janssen.de\/shop\/wp-json\/wp\/v2\/media?parent=6228"}],"wp:term":[{"taxonomy":"product_brand","embeddable":true,"href":"https:\/\/www.teehaus-janssen.de\/shop\/wp-json\/wp\/v2\/product_brand?post=6228"},{"taxonomy":"product_cat","embeddable":true,"href":"https:\/\/www.teehaus-janssen.de\/shop\/wp-json\/wp\/v2\/product_cat?post=6228"},{"taxonomy":"product_tag","embeddable":true,"href":"https:\/\/www.teehaus-janssen.de\/shop\/wp-json\/wp\/v2\/product_tag?post=6228"}],"curies":[{"name":"wp","href":"https:\/\/api.w.org\/{rel}","templated":true}]}}