{"id":6202,"date":"2019-02-11T17:24:02","date_gmt":"2019-02-11T16:24:02","guid":{"rendered":"https:\/\/www.teehaus-janssen.de\/product\/0002-bio-china-gunpowder-zhou-cha-gruener-tee\/"},"modified":"2025-09-30T09:06:16","modified_gmt":"2025-09-30T07:06:16","slug":"0002-bio-china-gunpowder-zhou-cha-gruener-tee","status":"publish","type":"product","link":"https:\/\/www.teehaus-janssen.de\/shop\/produkt\/0002-bio-china-gunpowder-zhou-cha-gruener-tee\/","title":{"rendered":"0002 &#8211; BIO CHINA &#8211; GUNPOWDER &#8211; ZHOU CHA &#8211; GR\u00dcNER TEE"},"content":{"rendered":"<p><span style=\"font-size: 14px\"><span style=\"font-family: arial,verdana,helvetica\"><strong>Herkunft: <\/strong>China-Zhejiang, mediumgrown Summerleaf.<\/span><\/span><\/p>\n<p><span style=\"font-size: 14px\"><span style=\"font-family: arial,verdana,helvetica\"><strong>Erl\u00e4uterung: <\/strong>handgepfl\u00fccktes, nach dem D\u00e4mpfprozess kugelf\u00f6rmig gerolltes Blatt.<\/span><\/span><\/p>\n<p><span style=\"font-size: 14px\"><span style=\"font-family: arial,verdana,helvetica\"><b>Mild-herb, silbrig gl\u00e4nzend, belebend.<\/b><\/span><\/span><\/p>\n<p><img loading=\"lazy\" decoding=\"async\" class=\"alignnone wp-image-34478\" src=\"https:\/\/www.teehaus-janssen.de\/shop\/wp-content\/uploads\/2025\/02\/Nicht-EU.png\" alt=\"\" width=\"225\" height=\"225\" \/><\/p>\n","protected":false},"excerpt":{"rendered":"<p><span style=\"font-size: 14px\"><span style=\"font-family: arial,verdana,helvetica\"><strong>Herkunft: <\/strong>China-Zhejiang, mediumgrown, Summerleaf.<\/span><\/span><\/p>\n<p><span style=\"font-size: 14px\"><span style=\"font-family: arial,verdana,helvetica\"><strong>Erl\u00e4uterung: <\/strong>handgepfl\u00fccktes, nach dem D\u00e4mpfprozess kugelf\u00f6rmig gerolltes Blatt.<\/span><\/span><\/p>\n<p><span style=\"font-size: 14px\"><span style=\"font-family: arial,verdana,helvetica\"><b>Mild-herb, silbrig gl\u00e4nzend, belebend.<\/b><\/span><\/span><\/p>\n<p><img loading=\"lazy\" decoding=\"async\" class=\"alignnone wp-image-34478\" src=\"https:\/\/www.teehaus-janssen.de\/shop\/wp-content\/uploads\/2019\/02\/Nicht-EU-700x700.png\" alt=\"\" width=\"225\" height=\"225\" \/><\/p>\n","protected":false},"featured_media":6203,"template":"","meta":{"_acf_changed":false},"product_brand":[],"product_cat":[276],"product_tag":[],"class_list":{"0":"post-6202","1":"product","2":"type-product","3":"status-publish","4":"has-post-thumbnail","6":"product_cat-0001-0049-gruener-weisser-tee-unfermentiert","7":"pa_menge-50-g","8":"pa_menge-100-g","9":"pa_menge-125-g","10":"pa_menge-250-g","11":"pa_menge-500-g","12":"pa_menge-1-kg","14":"first","15":"instock","16":"taxable","17":"shipping-taxable","18":"purchasable","19":"product-type-variable","20":"has-default-attributes"},"acf":[],"_links":{"self":[{"href":"https:\/\/www.teehaus-janssen.de\/shop\/wp-json\/wp\/v2\/product\/6202","targetHints":{"allow":["GET"]}}],"collection":[{"href":"https:\/\/www.teehaus-janssen.de\/shop\/wp-json\/wp\/v2\/product"}],"about":[{"href":"https:\/\/www.teehaus-janssen.de\/shop\/wp-json\/wp\/v2\/types\/product"}],"wp:featuredmedia":[{"embeddable":true,"href":"https:\/\/www.teehaus-janssen.de\/shop\/wp-json\/wp\/v2\/media\/6203"}],"wp:attachment":[{"href":"https:\/\/www.teehaus-janssen.de\/shop\/wp-json\/wp\/v2\/media?parent=6202"}],"wp:term":[{"taxonomy":"product_brand","embeddable":true,"href":"https:\/\/www.teehaus-janssen.de\/shop\/wp-json\/wp\/v2\/product_brand?post=6202"},{"taxonomy":"product_cat","embeddable":true,"href":"https:\/\/www.teehaus-janssen.de\/shop\/wp-json\/wp\/v2\/product_cat?post=6202"},{"taxonomy":"product_tag","embeddable":true,"href":"https:\/\/www.teehaus-janssen.de\/shop\/wp-json\/wp\/v2\/product_tag?post=6202"}],"curies":[{"name":"wp","href":"https:\/\/api.w.org\/{rel}","templated":true}]}}